{"id":10001,"date":"2025-05-17T15:39:24","date_gmt":"2025-05-17T13:39:24","guid":{"rendered":"https:\/\/salviatino.com\/la-nostra-storia\/"},"modified":"2025-07-23T13:44:03","modified_gmt":"2025-07-23T11:44:03","slug":"la-nostra-storia","status":"publish","type":"page","link":"https:\/\/salviatino.com\/it\/la-nostra-storia\/","title":{"rendered":"La nostra storia"},"content":{"rendered":"\t\t<div data-elementor-type=\"wp-page\" data-elementor-id=\"10001\" class=\"elementor elementor-10001 elementor-6989\" data-elementor-post-type=\"page\">\n\t\t\t\t<div class=\"elementor-element elementor-element-dffa3bd e-con-full e-flex e-con e-parent\" data-id=\"dffa3bd\" data-element_type=\"container\" data-e-type=\"container\">\n\t\t<div class=\"elementor-element elementor-element-2a501dd e-con-full e-flex e-con e-child\" data-id=\"2a501dd\" data-element_type=\"container\" data-e-type=\"container\" data-settings=\"{&quot;background_background&quot;:&quot;video&quot;,&quot;background_video_link&quot;:&quot;https:\\\/\\\/vimeo.com\\\/1085405199&quot;,&quot;background_play_on_mobile&quot;:&quot;yes&quot;}\">\n\t\t<div class=\"elementor-background-video-container\">\n\t\t\t\t\t\t\t<div class=\"elementor-background-video-embed\" role=\"presentation\"><\/div>\n\t\t\t\t\t\t<\/div><div class=\"elementor-element elementor-element-1a5237d e-con-full e-transform e-flex e-con e-child\" data-id=\"1a5237d\" data-element_type=\"container\" data-e-type=\"container\" data-settings=\"{&quot;_transform_translateX_effect&quot;:{&quot;unit&quot;:&quot;px&quot;,&quot;size&quot;:&quot;&quot;,&quot;sizes&quot;:[]},&quot;_transform_translateX_effect_tablet&quot;:{&quot;unit&quot;:&quot;px&quot;,&quot;size&quot;:&quot;&quot;,&quot;sizes&quot;:[]},&quot;_transform_translateX_effect_mobile&quot;:{&quot;unit&quot;:&quot;px&quot;,&quot;size&quot;:&quot;&quot;,&quot;sizes&quot;:[]},&quot;_transform_translateY_effect&quot;:{&quot;unit&quot;:&quot;px&quot;,&quot;size&quot;:&quot;&quot;,&quot;sizes&quot;:[]},&quot;_transform_translateY_effect_tablet&quot;:{&quot;unit&quot;:&quot;px&quot;,&quot;size&quot;:&quot;&quot;,&quot;sizes&quot;:[]},&quot;_transform_translateY_effect_mobile&quot;:{&quot;unit&quot;:&quot;px&quot;,&quot;size&quot;:&quot;&quot;,&quot;sizes&quot;:[]}}\">\n\t\t\t\t<div class=\"elementor-element elementor-element-41333ce animated-slow elementor-widget-mobile__width-initial elementor-invisible elementor-widget elementor-widget-heading\" data-id=\"41333ce\" data-element_type=\"widget\" data-e-type=\"widget\" data-settings=\"{&quot;_animation&quot;:&quot;fadeIn&quot;,&quot;motion_fx_translateY_affectedRange&quot;:{&quot;unit&quot;:&quot;%&quot;,&quot;size&quot;:&quot;&quot;,&quot;sizes&quot;:{&quot;start&quot;:50,&quot;end&quot;:100}},&quot;motion_fx_range&quot;:&quot;viewport&quot;,&quot;_animation_delay&quot;:800,&quot;motion_fx_motion_fx_scrolling&quot;:&quot;yes&quot;,&quot;motion_fx_translateY_effect&quot;:&quot;yes&quot;,&quot;motion_fx_translateY_speed&quot;:{&quot;unit&quot;:&quot;px&quot;,&quot;size&quot;:1,&quot;sizes&quot;:[]},&quot;motion_fx_devices&quot;:[&quot;desktop&quot;]}\" data-widget_type=\"heading.default\">\n\t\t\t\t<div class=\"elementor-widget-container\">\n\t\t\t\t\t<h1 class=\"elementor-heading-title elementor-size-default\">La nostra storia<\/h1>\t\t\t\t<\/div>\n\t\t\t\t<\/div>\n\t\t\t\t<\/div>\n\t\t\t\t<\/div>\n\t\t\t\t<\/div>\n\t\t<div class=\"elementor-element elementor-element-9f3088b e-flex e-con-boxed e-con e-parent\" data-id=\"9f3088b\" data-element_type=\"container\" data-e-type=\"container\" data-settings=\"{&quot;background_background&quot;:&quot;classic&quot;}\">\n\t\t\t\t\t<div class=\"e-con-inner\">\n\t\t<div class=\"elementor-element elementor-element-9e76850 e-con-full e-flex e-con e-child\" data-id=\"9e76850\" data-element_type=\"container\" data-e-type=\"container\">\n\t\t\t\t<div class=\"elementor-element elementor-element-ff6f05f elementor-widget__width-initial elementor-widget elementor-widget-heading\" data-id=\"ff6f05f\" data-element_type=\"widget\" data-e-type=\"widget\" data-widget_type=\"heading.default\">\n\t\t\t\t<div class=\"elementor-widget-container\">\n\t\t\t\t\t<h2 class=\"elementor-heading-title elementor-size-default\">Una storia viva<\/h2>\t\t\t\t<\/div>\n\t\t\t\t<\/div>\n\t\t\t\t<div class=\"elementor-element elementor-element-1b4e0af elementor-widget elementor-widget-text-editor\" data-id=\"1b4e0af\" data-element_type=\"widget\" data-e-type=\"widget\" data-widget_type=\"text-editor.default\">\n\t\t\t\t<div class=\"elementor-widget-container\">\n\t\t\t\t\t\t\t\t\t<p>Quella di Il Salviatino \u00e8 una storia di trasformazione: una nobile villa fiorentina che, pur reinterpretata per il viaggiatore contemporaneo, rimane profondamente ancorata alle sue origini. Risalente al XV secolo, questa residenza signorile \u00e8 da sempre un luogo di cultura, arte e vita raffinata. Nel corso dei secoli ha accolto aristocratici, studiosi e visionari, ognuno dei quali ha lasciato un segno indelebile nella sua architettura e nel suo spirito.  <\/p>\t\t\t\t\t\t\t\t<\/div>\n\t\t\t\t<\/div>\n\t\t\t\t<\/div>\n\t\t<div class=\"elementor-element elementor-element-2bcac99 e-con-full e-flex e-con e-child\" data-id=\"2bcac99\" data-element_type=\"container\" data-e-type=\"container\">\n\t\t\t\t<div class=\"elementor-element elementor-element-5a0b44d elementor-widget elementor-widget-text-editor\" data-id=\"5a0b44d\" data-element_type=\"widget\" data-e-type=\"widget\" data-widget_type=\"text-editor.default\">\n\t\t\t\t<div class=\"elementor-widget-container\">\n\t\t\t\t\t\t\t\t\tOggi Il Salviatino, sotto la cura appassionata di Alessandra Rovati Vitali, abbraccia il proprio patrimonio con una sensibilit\u00e0 contemporanea. Sapientemente restaurata e curata in ogni dettaglio, la villa offre un rifugio dove storia e modernit\u00e0 si fondono con naturalezza. L\u2019artigianalit\u00e0 senza tempo incontra il design su misura, mentre l\u2019essenza dell\u2019ospitalit\u00e0 rimane intatta: calda, personale e profondamente legata al luogo.  \t\t\t\t\t\t\t\t<\/div>\n\t\t\t\t<\/div>\n\t\t\t\t<\/div>\n\t\t<div class=\"elementor-element elementor-element-24fa396 e-con-full e-flex e-con e-child\" data-id=\"24fa396\" data-element_type=\"container\" data-e-type=\"container\">\n\t\t\t\t<\/div>\n\t\t\t\t\t<\/div>\n\t\t\t\t<\/div>\n\t\t<div class=\"elementor-element elementor-element-6aeabf3 e-con-full e-flex e-con e-parent\" data-id=\"6aeabf3\" data-element_type=\"container\" data-e-type=\"container\" data-settings=\"{&quot;background_background&quot;:&quot;classic&quot;}\">\n\t\t<div class=\"elementor-element elementor-element-983e973 e-con-full e-flex e-con e-child\" data-id=\"983e973\" data-element_type=\"container\" data-e-type=\"container\">\n\t\t\t\t<div class=\"elementor-element elementor-element-84b880f elementor-widget__width-initial animated-slow elementor-invisible elementor-widget elementor-widget-heading\" data-id=\"84b880f\" data-element_type=\"widget\" data-e-type=\"widget\" data-settings=\"{&quot;motion_fx_motion_fx_scrolling&quot;:&quot;yes&quot;,&quot;motion_fx_translateX_effect&quot;:&quot;yes&quot;,&quot;motion_fx_translateX_speed&quot;:{&quot;unit&quot;:&quot;px&quot;,&quot;size&quot;:0.4,&quot;sizes&quot;:[]},&quot;_animation&quot;:&quot;fadeIn&quot;,&quot;motion_fx_devices&quot;:[&quot;desktop&quot;,&quot;tablet&quot;],&quot;motion_fx_translateX_affectedRange&quot;:{&quot;unit&quot;:&quot;%&quot;,&quot;size&quot;:&quot;&quot;,&quot;sizes&quot;:{&quot;start&quot;:0,&quot;end&quot;:100}}}\" data-widget_type=\"heading.default\">\n\t\t\t\t<div class=\"elementor-widget-container\">\n\t\t\t\t\t<h3 class=\"elementor-heading-title elementor-size-default\">Custodi dell\u2019eredit\u00e0 fiorentina<\/h3>\t\t\t\t<\/div>\n\t\t\t\t<\/div>\n\t\t\t\t<\/div>\n\t\t\t\t<\/div>\n\t\t<div class=\"elementor-element elementor-element-a9945ac e-con-full e-flex e-con e-parent\" data-id=\"a9945ac\" data-element_type=\"container\" data-e-type=\"container\">\n\t\t<div class=\"elementor-element elementor-element-4926e75 e-con-full e-flex e-con e-child\" data-id=\"4926e75\" data-element_type=\"container\" data-e-type=\"container\">\n\t\t\t\t<div class=\"elementor-element elementor-element-fe0f943 animated-slow elementor-invisible elementor-widget elementor-widget-image\" data-id=\"fe0f943\" data-element_type=\"widget\" data-e-type=\"widget\" data-settings=\"{&quot;_animation&quot;:&quot;fadeIn&quot;,&quot;_animation_delay&quot;:500}\" data-widget_type=\"image.default\">\n\t\t\t\t<div class=\"elementor-widget-container\">\n\t\t\t\t\t\t\t\t\t\t\t\t\t\t\t<img fetchpriority=\"high\" decoding=\"async\" width=\"1920\" height=\"1280\" src=\"https:\/\/salviatino.com\/wp-content\/uploads\/2025\/03\/il-salviatino-firenze-5-stelle.webp\" class=\"attachment-full size-full wp-image-9316\" alt=\"\" srcset=\"https:\/\/salviatino.com\/wp-content\/uploads\/2025\/03\/il-salviatino-firenze-5-stelle.webp 1920w, https:\/\/salviatino.com\/wp-content\/uploads\/2025\/03\/il-salviatino-firenze-5-stelle-300x200.webp 300w, https:\/\/salviatino.com\/wp-content\/uploads\/2025\/03\/il-salviatino-firenze-5-stelle-1024x683.webp 1024w, https:\/\/salviatino.com\/wp-content\/uploads\/2025\/03\/il-salviatino-firenze-5-stelle-768x512.webp 768w, https:\/\/salviatino.com\/wp-content\/uploads\/2025\/03\/il-salviatino-firenze-5-stelle-1536x1024.webp 1536w\" sizes=\"(max-width: 1920px) 100vw, 1920px\" \/>\t\t\t\t\t\t\t\t\t\t\t\t\t\t\t<\/div>\n\t\t\t\t<\/div>\n\t\t\t\t<\/div>\n\t\t<div class=\"elementor-element elementor-element-69fb59b e-con-full e-flex e-con e-child\" data-id=\"69fb59b\" data-element_type=\"container\" data-e-type=\"container\" data-settings=\"{&quot;background_background&quot;:&quot;gradient&quot;}\">\n\t\t\t\t<div class=\"elementor-element elementor-element-6ee7ddf animated-slow elementor-widget-divider--view-line elementor-invisible elementor-widget elementor-widget-divider\" data-id=\"6ee7ddf\" data-element_type=\"widget\" data-e-type=\"widget\" data-settings=\"{&quot;_animation&quot;:&quot;zoomIn&quot;,&quot;_animation_delay&quot;:800,&quot;_animation_mobile&quot;:&quot;zoomIn&quot;}\" data-widget_type=\"divider.default\">\n\t\t\t\t<div class=\"elementor-widget-container\">\n\t\t\t\t\t\t\t<div class=\"elementor-divider\">\n\t\t\t<span class=\"elementor-divider-separator\">\n\t\t\t\t\t\t<\/span>\n\t\t<\/div>\n\t\t\t\t\t\t<\/div>\n\t\t\t\t<\/div>\n\t\t\t\t<div class=\"elementor-element elementor-element-0b13201 elementor-invisible elementor-widget elementor-widget-heading\" data-id=\"0b13201\" data-element_type=\"widget\" data-e-type=\"widget\" data-settings=\"{&quot;_animation&quot;:&quot;slideInDown&quot;,&quot;_animation_delay&quot;:900}\" data-widget_type=\"heading.default\">\n\t\t\t\t<div class=\"elementor-widget-container\">\n\t\t\t\t\t<h2 class=\"elementor-heading-title elementor-size-default\">Dal passato al presente<\/h2>\t\t\t\t<\/div>\n\t\t\t\t<\/div>\n\t\t\t\t<div class=\"elementor-element elementor-element-963e53e elementor-widget__width-initial elementor-widget elementor-widget-text-editor\" data-id=\"963e53e\" data-element_type=\"widget\" data-e-type=\"widget\" data-widget_type=\"text-editor.default\">\n\t\t\t\t<div class=\"elementor-widget-container\">\n\t\t\t\t\t\t\t\t\tAdagiata sulle pittoresche colline di Fiesole, con lo sguardo rivolto alla citt\u00e0 incantata di Firenze, Villa Il Salviatino vanta una storia ricca e stratificata che attraversa i secoli. In origine semplice fattoria del XIV secolo, la propriet\u00e0 sub\u00ec importanti trasformazioni grazie alle famiglie illustri che se ne avvicendarono. Nel XV secolo i Bardi la ricostruirono come elegante dimora rinascimentale, ribattezzandola \u201cPalagio dei Tegliacci\u201d. Nel secolo successivo, Alamanno Salviati la imprezios\u00ec con sontuosi affreschi e arredi, donandole il nome che ancora oggi porta: Villa Il Salviatino.   \t\t\t\t\t\t\t\t<\/div>\n\t\t\t\t<\/div>\n\t\t\t\t<\/div>\n\t\t\t\t<\/div>\n\t\t<div class=\"elementor-element elementor-element-af0ad26 e-con-full e-flex e-con e-parent\" data-id=\"af0ad26\" data-element_type=\"container\" data-e-type=\"container\">\n\t\t<div class=\"elementor-element elementor-element-9faab67 e-con-full e-flex e-con e-child\" data-id=\"9faab67\" data-element_type=\"container\" data-e-type=\"container\">\n\t\t\t\t<div class=\"elementor-element elementor-element-c5fe3cc elementor-widget elementor-widget-image\" data-id=\"c5fe3cc\" data-element_type=\"widget\" data-e-type=\"widget\" data-widget_type=\"image.default\">\n\t\t\t\t<div class=\"elementor-widget-container\">\n\t\t\t\t\t\t\t\t\t\t\t\t\t\t\t<img decoding=\"async\" width=\"853\" height=\"1280\" src=\"https:\/\/salviatino.com\/wp-content\/uploads\/2025\/03\/presidential-suite-il-salviatino-florence-1.webp\" class=\"attachment-full size-full wp-image-9528\" alt=\"\" srcset=\"https:\/\/salviatino.com\/wp-content\/uploads\/2025\/03\/presidential-suite-il-salviatino-florence-1.webp 853w, https:\/\/salviatino.com\/wp-content\/uploads\/2025\/03\/presidential-suite-il-salviatino-florence-1-200x300.webp 200w, https:\/\/salviatino.com\/wp-content\/uploads\/2025\/03\/presidential-suite-il-salviatino-florence-1-682x1024.webp 682w, https:\/\/salviatino.com\/wp-content\/uploads\/2025\/03\/presidential-suite-il-salviatino-florence-1-768x1152.webp 768w\" sizes=\"(max-width: 853px) 100vw, 853px\" \/>\t\t\t\t\t\t\t\t\t\t\t\t\t\t\t<\/div>\n\t\t\t\t<\/div>\n\t\t\t\t<div class=\"elementor-element elementor-element-2a6c4fd elementor-widget elementor-widget-image\" data-id=\"2a6c4fd\" data-element_type=\"widget\" data-e-type=\"widget\" data-widget_type=\"image.default\">\n\t\t\t\t<div class=\"elementor-widget-container\">\n\t\t\t\t\t\t\t\t\t\t\t\t\t\t\t<img decoding=\"async\" width=\"1920\" height=\"1280\" src=\"https:\/\/salviatino.com\/wp-content\/uploads\/2025\/03\/greenhouse-suite-55-il-salviatino-florence-1.webp\" class=\"attachment-full size-full wp-image-9484\" alt=\"\" srcset=\"https:\/\/salviatino.com\/wp-content\/uploads\/2025\/03\/greenhouse-suite-55-il-salviatino-florence-1.webp 1920w, https:\/\/salviatino.com\/wp-content\/uploads\/2025\/03\/greenhouse-suite-55-il-salviatino-florence-1-300x200.webp 300w, https:\/\/salviatino.com\/wp-content\/uploads\/2025\/03\/greenhouse-suite-55-il-salviatino-florence-1-1024x683.webp 1024w, https:\/\/salviatino.com\/wp-content\/uploads\/2025\/03\/greenhouse-suite-55-il-salviatino-florence-1-768x512.webp 768w, https:\/\/salviatino.com\/wp-content\/uploads\/2025\/03\/greenhouse-suite-55-il-salviatino-florence-1-1536x1024.webp 1536w\" sizes=\"(max-width: 1920px) 100vw, 1920px\" \/>\t\t\t\t\t\t\t\t\t\t\t\t\t\t\t<\/div>\n\t\t\t\t<\/div>\n\t\t\t\t<\/div>\n\t\t\t\t<\/div>\n\t\t<div class=\"elementor-element elementor-element-b172d56 e-con-full e-flex e-con e-parent\" data-id=\"b172d56\" data-element_type=\"container\" data-e-type=\"container\">\n\t\t\t\t<div class=\"elementor-element elementor-element-f3d2b7f animated-slow elementor-widget-divider--view-line elementor-invisible elementor-widget elementor-widget-divider\" data-id=\"f3d2b7f\" data-element_type=\"widget\" data-e-type=\"widget\" data-settings=\"{&quot;_animation&quot;:&quot;zoomIn&quot;,&quot;_animation_delay&quot;:800,&quot;_animation_mobile&quot;:&quot;zoomIn&quot;}\" data-widget_type=\"divider.default\">\n\t\t\t\t<div class=\"elementor-widget-container\">\n\t\t\t\t\t\t\t<div class=\"elementor-divider\">\n\t\t\t<span class=\"elementor-divider-separator\">\n\t\t\t\t\t\t<\/span>\n\t\t<\/div>\n\t\t\t\t\t\t<\/div>\n\t\t\t\t<\/div>\n\t\t\t\t<div class=\"elementor-element elementor-element-f497fe6 elementor-widget__width-initial elementor-widget elementor-widget-heading\" data-id=\"f497fe6\" data-element_type=\"widget\" data-e-type=\"widget\" data-widget_type=\"heading.default\">\n\t\t\t\t<div class=\"elementor-widget-container\">\n\t\t\t\t\t<h2 class=\"elementor-heading-title elementor-size-default\">Dalle sue sale affrescate ai rigogliosi giardini all\u2019italiana, ogni angolo di Il Salviatino sussurra storie di splendore e di raffinata curiosit\u00e0 intellettuale.<\/h2>\t\t\t\t<\/div>\n\t\t\t\t<\/div>\n\t\t\t\t<\/div>\n\t\t<div class=\"elementor-element elementor-element-7771432 e-con-full e-flex e-con e-parent\" data-id=\"7771432\" data-element_type=\"container\" data-e-type=\"container\">\n\t\t<div class=\"elementor-element elementor-element-f3cb1d3 e-con-full e-flex e-con e-child\" data-id=\"f3cb1d3\" data-element_type=\"container\" data-e-type=\"container\">\n\t\t\t\t<\/div>\n\t\t<div class=\"elementor-element elementor-element-57eb5ba e-con-full e-flex e-con e-child\" data-id=\"57eb5ba\" data-element_type=\"container\" data-e-type=\"container\">\n\t\t\t\t<div class=\"elementor-element elementor-element-fd20a37 elementor-widget-tablet__width-initial elementor-widget elementor-widget-heading\" data-id=\"fd20a37\" data-element_type=\"widget\" data-e-type=\"widget\" data-widget_type=\"heading.default\">\n\t\t\t\t<div class=\"elementor-widget-container\">\n\t\t\t\t\t<h2 class=\"elementor-heading-title elementor-size-default\">Un viaggio attraverso il tempo<\/h2>\t\t\t\t<\/div>\n\t\t\t\t<\/div>\n\t\t\t\t<div class=\"elementor-element elementor-element-306fbd2 elementor-widget elementor-widget-text-editor\" data-id=\"306fbd2\" data-element_type=\"widget\" data-e-type=\"widget\" data-widget_type=\"text-editor.default\">\n\t\t\t\t<div class=\"elementor-widget-container\">\n\t\t\t\t\t\t\t\t\tL\u2019importanza culturale della villa si accrebbe ulteriormente agli inizi del Novecento, quando divenne la residenza di Ugo Ojetti, celebre poeta, giornalista e critico d\u2019arte. Sotto la sua guida, Il Salviatino fior\u00ec come vivace salotto culturale, frequentato da illustri personalit\u00e0 come il surrealista Salvador Dal\u00ed e il poeta e drammaturgo Gabriele D\u2019Annunzio. Questi incontri diedero vita a un ambiente di scambio artistico e intellettuale che arricch\u00ec ancor pi\u00f9 la storia della villa.  \t\t\t\t\t\t\t\t<\/div>\n\t\t\t\t<\/div>\n\t\t\t\t<\/div>\n\t\t<div class=\"elementor-element elementor-element-29ae9c9 e-con-full e-flex e-con e-child\" data-id=\"29ae9c9\" data-element_type=\"container\" data-e-type=\"container\">\n\t\t\t\t<div class=\"elementor-element elementor-element-8f99492 elementor-widget elementor-widget-text-editor\" data-id=\"8f99492\" data-element_type=\"widget\" data-e-type=\"widget\" data-widget_type=\"text-editor.default\">\n\t\t\t\t<div class=\"elementor-widget-container\">\n\t\t\t\t\t\t\t\t\tDopo il periodo di Ojetti, la dimora visse diverse fasi, tra cui quella come sede italiana della Stanford University negli anni Settanta e Ottanta. In seguito a un lungo silenzio, la famiglia Rovati ha intrapreso un accurato restauro, restituendo a Il Salviatino il suo antico splendore e trasformandola nell\u2019esclusivo hotel che \u00e8 oggi. Un luogo in cui il fascino storico si fonde con un design eclettico e con l\u2019eleganza contemporanea, pronto ad accogliere i suoi ospiti in un\u2019esperienza immersiva che unisce il suo illustre passato al presente.  \t\t\t\t\t\t\t\t<\/div>\n\t\t\t\t<\/div>\n\t\t\t\t<\/div>\n\t\t\t\t<\/div>\n\t\t\t\t<\/div>\n\t\t","protected":false},"excerpt":{"rendered":"<p>La nostra storia Una storia viva Quella di Il Salviatino \u00e8 una storia di trasformazione: una nobile villa fiorentina che, pur reinterpretata per il viaggiatore contemporaneo, rimane profondamente ancorata alle sue origini. Risalente al XV secolo, questa residenza signorile \u00e8 da sempre un luogo di cultura, arte e vita raffinata. Nel corso dei secoli ha [&hellip;]<\/p>\n","protected":false},"author":1,"featured_media":0,"parent":0,"menu_order":0,"comment_status":"closed","ping_status":"closed","template":"","meta":{"_acf_changed":false,"footnotes":""},"class_list":["post-10001","page","type-page","status-publish","hentry"],"acf":[],"_links":{"self":[{"href":"https:\/\/salviatino.com\/it\/wp-json\/wp\/v2\/pages\/10001","targetHints":{"allow":["GET"]}}],"collection":[{"href":"https:\/\/salviatino.com\/it\/wp-json\/wp\/v2\/pages"}],"about":[{"href":"https:\/\/salviatino.com\/it\/wp-json\/wp\/v2\/types\/page"}],"author":[{"embeddable":true,"href":"https:\/\/salviatino.com\/it\/wp-json\/wp\/v2\/users\/1"}],"replies":[{"embeddable":true,"href":"https:\/\/salviatino.com\/it\/wp-json\/wp\/v2\/comments?post=10001"}],"version-history":[{"count":4,"href":"https:\/\/salviatino.com\/it\/wp-json\/wp\/v2\/pages\/10001\/revisions"}],"predecessor-version":[{"id":10527,"href":"https:\/\/salviatino.com\/it\/wp-json\/wp\/v2\/pages\/10001\/revisions\/10527"}],"wp:attachment":[{"href":"https:\/\/salviatino.com\/it\/wp-json\/wp\/v2\/media?parent=10001"}],"curies":[{"name":"wp","href":"https:\/\/api.w.org\/{rel}","templated":true}]}}