{"id":10017,"date":"2025-05-18T14:50:02","date_gmt":"2025-05-18T12:50:02","guid":{"rendered":"https:\/\/salviatino.com\/contattaci\/"},"modified":"2025-10-13T12:14:30","modified_gmt":"2025-10-13T10:14:30","slug":"contatti","status":"publish","type":"page","link":"https:\/\/salviatino.com\/it\/contatti\/","title":{"rendered":"Contatti"},"content":{"rendered":"\t\t<div data-elementor-type=\"wp-page\" data-elementor-id=\"10017\" class=\"elementor elementor-10017 elementor-7401\" data-elementor-post-type=\"page\">\n\t\t\t\t<div class=\"elementor-element elementor-element-615ba9e e-con-full e-flex e-con e-parent\" data-id=\"615ba9e\" data-element_type=\"container\" data-e-type=\"container\">\n\t\t<div class=\"elementor-element elementor-element-fa29061 e-con-full e-flex e-con e-child\" data-id=\"fa29061\" data-element_type=\"container\" data-e-type=\"container\" data-settings=\"{&quot;background_background&quot;:&quot;classic&quot;}\">\n\t\t<div class=\"elementor-element elementor-element-c9bd82a e-con-full e-transform e-flex e-con e-child\" data-id=\"c9bd82a\" data-element_type=\"container\" data-e-type=\"container\" data-settings=\"{&quot;_transform_translateX_effect&quot;:{&quot;unit&quot;:&quot;px&quot;,&quot;size&quot;:&quot;&quot;,&quot;sizes&quot;:[]},&quot;_transform_translateX_effect_tablet&quot;:{&quot;unit&quot;:&quot;px&quot;,&quot;size&quot;:&quot;&quot;,&quot;sizes&quot;:[]},&quot;_transform_translateX_effect_mobile&quot;:{&quot;unit&quot;:&quot;px&quot;,&quot;size&quot;:&quot;&quot;,&quot;sizes&quot;:[]},&quot;_transform_translateY_effect&quot;:{&quot;unit&quot;:&quot;px&quot;,&quot;size&quot;:&quot;&quot;,&quot;sizes&quot;:[]},&quot;_transform_translateY_effect_tablet&quot;:{&quot;unit&quot;:&quot;px&quot;,&quot;size&quot;:&quot;&quot;,&quot;sizes&quot;:[]},&quot;_transform_translateY_effect_mobile&quot;:{&quot;unit&quot;:&quot;px&quot;,&quot;size&quot;:&quot;&quot;,&quot;sizes&quot;:[]}}\">\n\t\t\t\t<div class=\"elementor-element elementor-element-221e602 animated-slow elementor-widget-mobile__width-initial elementor-invisible elementor-widget elementor-widget-heading\" data-id=\"221e602\" data-element_type=\"widget\" data-e-type=\"widget\" data-settings=\"{&quot;_animation&quot;:&quot;fadeIn&quot;,&quot;motion_fx_translateY_affectedRange&quot;:{&quot;unit&quot;:&quot;%&quot;,&quot;size&quot;:&quot;&quot;,&quot;sizes&quot;:{&quot;start&quot;:50,&quot;end&quot;:100}},&quot;motion_fx_range&quot;:&quot;viewport&quot;,&quot;_animation_delay&quot;:800,&quot;motion_fx_motion_fx_scrolling&quot;:&quot;yes&quot;,&quot;motion_fx_translateY_effect&quot;:&quot;yes&quot;,&quot;motion_fx_translateY_speed&quot;:{&quot;unit&quot;:&quot;px&quot;,&quot;size&quot;:1,&quot;sizes&quot;:[]},&quot;motion_fx_devices&quot;:[&quot;desktop&quot;]}\" data-widget_type=\"heading.default\">\n\t\t\t\t<div class=\"elementor-widget-container\">\n\t\t\t\t\t<h1 class=\"elementor-heading-title elementor-size-default\">Contatti<\/h1>\t\t\t\t<\/div>\n\t\t\t\t<\/div>\n\t\t\t\t<\/div>\n\t\t\t\t<\/div>\n\t\t\t\t<\/div>\n\t\t<div class=\"elementor-element elementor-element-3f6ac6f e-flex e-con-boxed e-con e-parent\" data-id=\"3f6ac6f\" data-element_type=\"container\" data-e-type=\"container\" data-settings=\"{&quot;background_background&quot;:&quot;classic&quot;}\">\n\t\t\t\t\t<div class=\"e-con-inner\">\n\t\t<div class=\"elementor-element elementor-element-06edaab e-con-full e-flex e-con e-child\" data-id=\"06edaab\" data-element_type=\"container\" data-e-type=\"container\">\n\t\t\t\t<div class=\"elementor-element elementor-element-b360a31 elementor-widget__width-initial elementor-widget elementor-widget-heading\" data-id=\"b360a31\" data-element_type=\"widget\" data-e-type=\"widget\" data-widget_type=\"heading.default\">\n\t\t\t\t<div class=\"elementor-widget-container\">\n\t\t\t\t\t<h2 class=\"elementor-heading-title elementor-size-default\">Localit\u00e0<\/h2>\t\t\t\t<\/div>\n\t\t\t\t<\/div>\n\t\t\t\t<div class=\"elementor-element elementor-element-a9d0ba2 elementor-widget elementor-widget-text-editor\" data-id=\"a9d0ba2\" data-element_type=\"widget\" data-e-type=\"widget\" data-widget_type=\"text-editor.default\">\n\t\t\t\t<div class=\"elementor-widget-container\">\n\t\t\t\t\t\t\t\t\tA soli 10 minuti dal centro, gli ospiti de Il Salviatino hanno la citt\u00e0 di Firenze a due passi. \u00c8 quasi impossibile essere cos\u00ec vicini al centro, sentendosi al contempo immersi nella ricca campagna toscana. Le navette gratuite disponibili tutto il giorno offrono infinite opportunit\u00e0 per esplorare arte e architettura a proprio piacimento. Al ritorno, la navetta riporter\u00e0 gli ospiti direttamente a Il Salviatino; in alternativa, si possono prenotare transfer privati.   \t\t\t\t\t\t\t\t<\/div>\n\t\t\t\t<\/div>\n\t\t\t\t<\/div>\n\t\t<div class=\"elementor-element elementor-element-42c5e9c e-con-full e-flex e-con e-child\" data-id=\"42c5e9c\" data-element_type=\"container\" data-e-type=\"container\">\n\t\t\t\t<div class=\"elementor-element elementor-element-b69902b elementor-widget__width-initial elementor-widget elementor-widget-heading\" data-id=\"b69902b\" data-element_type=\"widget\" data-e-type=\"widget\" data-widget_type=\"heading.default\">\n\t\t\t\t<div class=\"elementor-widget-container\">\n\t\t\t\t\t<h3 class=\"elementor-heading-title elementor-size-default\">Richiedi informazioni\n<\/h3>\t\t\t\t<\/div>\n\t\t\t\t<\/div>\n\t\t\t\t<div class=\"elementor-element elementor-element-dd6fb82 elementor-widget elementor-widget-heading\" data-id=\"dd6fb82\" data-element_type=\"widget\" data-e-type=\"widget\" data-widget_type=\"heading.default\">\n\t\t\t\t<div class=\"elementor-widget-container\">\n\t\t\t\t\t<h4 class=\"elementor-heading-title elementor-size-default\">Telefono diretto<\/h4>\t\t\t\t<\/div>\n\t\t\t\t<\/div>\n\t\t\t\t<div class=\"elementor-element elementor-element-cb4087a elementor-widget elementor-widget-heading\" data-id=\"cb4087a\" data-element_type=\"widget\" data-e-type=\"widget\" data-widget_type=\"heading.default\">\n\t\t\t\t<div class=\"elementor-widget-container\">\n\t\t\t\t\t<h5 class=\"elementor-heading-title elementor-size-default\"><a href=\"tel:+390559041111\">chiama +39.055.9041111<\/a><\/h5>\t\t\t\t<\/div>\n\t\t\t\t<\/div>\n\t\t\t\t<div class=\"elementor-element elementor-element-7661af8 elementor-widget elementor-widget-heading\" data-id=\"7661af8\" data-element_type=\"widget\" data-e-type=\"widget\" data-widget_type=\"heading.default\">\n\t\t\t\t<div class=\"elementor-widget-container\">\n\t\t\t\t\t<h4 class=\"elementor-heading-title elementor-size-default\">E-mail<\/h4>\t\t\t\t<\/div>\n\t\t\t\t<\/div>\n\t\t\t\t<div class=\"elementor-element elementor-element-cd03b42 elementor-widget__width-inherit elementor-icon-list--layout-traditional elementor-list-item-link-full_width elementor-widget elementor-widget-icon-list\" data-id=\"cd03b42\" data-element_type=\"widget\" data-e-type=\"widget\" data-widget_type=\"icon-list.default\">\n\t\t\t\t<div class=\"elementor-widget-container\">\n\t\t\t\t\t\t\t<ul class=\"elementor-icon-list-items\">\n\t\t\t\t\t\t\t<li class=\"elementor-icon-list-item\">\n\t\t\t\t\t\t\t\t\t\t\t<a href=\"mailto:info@salviatino.com\">\n\n\t\t\t\t\t\t\t\t\t\t\t<span class=\"elementor-icon-list-text\">Informazioni: info@salviatino.com<\/span>\n\t\t\t\t\t\t\t\t\t\t\t<\/a>\n\t\t\t\t\t\t\t\t\t<\/li>\n\t\t\t\t\t\t\t\t<li class=\"elementor-icon-list-item\">\n\t\t\t\t\t\t\t\t\t\t\t<a href=\"mailto:reservations@salviatino.com\">\n\n\t\t\t\t\t\t\t\t\t\t\t<span class=\"elementor-icon-list-text\">Prenotazioni:&nbsp; reservations@salviatino.com<\/span>\n\t\t\t\t\t\t\t\t\t\t\t<\/a>\n\t\t\t\t\t\t\t\t\t<\/li>\n\t\t\t\t\t\t\t\t<li class=\"elementor-icon-list-item\">\n\t\t\t\t\t\t\t\t\t\t\t<a href=\"mailto:info@salviatino.com\">\n\n\t\t\t\t\t\t\t\t\t\t\t<span class=\"elementor-icon-list-text\">Da Giacomo al Salviatino: &nbsp;info@salviatino.com<\/span>\n\t\t\t\t\t\t\t\t\t\t\t<\/a>\n\t\t\t\t\t\t\t\t\t<\/li>\n\t\t\t\t\t\t\t\t<li class=\"elementor-icon-list-item\">\n\t\t\t\t\t\t\t\t\t\t\t<a href=\"mailto:spa@salviatino.com\">\n\n\t\t\t\t\t\t\t\t\t\t\t<span class=\"elementor-icon-list-text\">Aquae Vitali Spa: &nbsp;spa@salviatino.com<\/span>\n\t\t\t\t\t\t\t\t\t\t\t<\/a>\n\t\t\t\t\t\t\t\t\t<\/li>\n\t\t\t\t\t\t<\/ul>\n\t\t\t\t\t\t<\/div>\n\t\t\t\t<\/div>\n\t\t\t\t<div class=\"elementor-element elementor-element-fb22157 elementor-widget__width-inherit elementor-icon-list--layout-traditional elementor-list-item-link-full_width elementor-widget elementor-widget-icon-list\" data-id=\"fb22157\" data-element_type=\"widget\" data-e-type=\"widget\" data-widget_type=\"icon-list.default\">\n\t\t\t\t<div class=\"elementor-widget-container\">\n\t\t\t\t\t\t\t<ul class=\"elementor-icon-list-items\">\n\t\t\t\t\t\t\t<li class=\"elementor-icon-list-item\">\n\t\t\t\t\t\t\t\t\t\t\t<a href=\"mailto:events@salviatino.com\">\n\n\t\t\t\t\t\t\t\t\t\t\t<span class=\"elementor-icon-list-text\">Private Hire, gruppi ed eventi: &nbsp;events@salviatino.com<\/span>\n\t\t\t\t\t\t\t\t\t\t\t<\/a>\n\t\t\t\t\t\t\t\t\t<\/li>\n\t\t\t\t\t\t\t\t<li class=\"elementor-icon-list-item\">\n\t\t\t\t\t\t\t\t\t\t\t<a href=\"mailto:ilsalviatino@salviatino.com\">\n\n\t\t\t\t\t\t\t\t\t\t\t<span class=\"elementor-icon-list-text\">Marketing:&nbsp; ilsalviatino@salviatino.com<\/span>\n\t\t\t\t\t\t\t\t\t\t\t<\/a>\n\t\t\t\t\t\t\t\t\t<\/li>\n\t\t\t\t\t\t\t\t<li class=\"elementor-icon-list-item\">\n\t\t\t\t\t\t\t\t\t\t\t<a href=\"mailto:hr@salviatino.com\">\n\n\t\t\t\t\t\t\t\t\t\t\t<span class=\"elementor-icon-list-text\">Risorse umane:&nbsp; hr@salviatino.com<\/span>\n\t\t\t\t\t\t\t\t\t\t\t<\/a>\n\t\t\t\t\t\t\t\t\t<\/li>\n\t\t\t\t\t\t<\/ul>\n\t\t\t\t\t\t<\/div>\n\t\t\t\t<\/div>\n\t\t\t\t<\/div>\n\t\t<div class=\"elementor-element elementor-element-bceef7f e-con-full e-flex e-con e-child\" data-id=\"bceef7f\" data-element_type=\"container\" data-e-type=\"container\">\n\t\t\t\t<div class=\"elementor-element elementor-element-43cbfe1 elementor-widget__width-initial elementor-widget elementor-widget-heading\" data-id=\"43cbfe1\" data-element_type=\"widget\" data-e-type=\"widget\" data-widget_type=\"heading.default\">\n\t\t\t\t<div class=\"elementor-widget-container\">\n\t\t\t\t\t<h3 class=\"elementor-heading-title elementor-size-default\">Come raggiungerci<\/h3>\t\t\t\t<\/div>\n\t\t\t\t<\/div>\n\t\t\t\t<div class=\"elementor-element elementor-element-872436a elementor-widget elementor-widget-heading\" data-id=\"872436a\" data-element_type=\"widget\" data-e-type=\"widget\" data-widget_type=\"heading.default\">\n\t\t\t\t<div class=\"elementor-widget-container\">\n\t\t\t\t\t<h4 class=\"elementor-heading-title elementor-size-default\">Distanze<\/h4>\t\t\t\t<\/div>\n\t\t\t\t<\/div>\n\t\t\t\t<div class=\"elementor-element elementor-element-608eb43 elementor-widget-mobile__width-initial elementor-icon-list--layout-traditional elementor-list-item-link-full_width elementor-widget elementor-widget-icon-list\" data-id=\"608eb43\" data-element_type=\"widget\" data-e-type=\"widget\" data-widget_type=\"icon-list.default\">\n\t\t\t\t<div class=\"elementor-widget-container\">\n\t\t\t\t\t\t\t<ul class=\"elementor-icon-list-items\">\n\t\t\t\t\t\t\t<li class=\"elementor-icon-list-item\">\n\t\t\t\t\t\t\t\t\t\t<span class=\"elementor-icon-list-text\">Stazione ferroviaria Firenze (SMN):&nbsp; 15 minuti<\/span>\n\t\t\t\t\t\t\t\t\t<\/li>\n\t\t\t\t\t\t\t\t<li class=\"elementor-icon-list-item\">\n\t\t\t\t\t\t\t\t\t\t<span class=\"elementor-icon-list-text\">Aeroporto internazionale Firenze (FLR):&nbsp; 25 minuti<\/span>\n\t\t\t\t\t\t\t\t\t<\/li>\n\t\t\t\t\t\t\t\t<li class=\"elementor-icon-list-item\">\n\t\t\t\t\t\t\t\t\t\t<span class=\"elementor-icon-list-text\">Aeroporto internazionale Pisa (PSA):&nbsp; 1 ora e 15 minuti<\/span>\n\t\t\t\t\t\t\t\t\t<\/li>\n\t\t\t\t\t\t<\/ul>\n\t\t\t\t\t\t<\/div>\n\t\t\t\t<\/div>\n\t\t\t\t<div class=\"elementor-element elementor-element-42fde25 elementor-widget elementor-widget-heading\" data-id=\"42fde25\" data-element_type=\"widget\" data-e-type=\"widget\" data-widget_type=\"heading.default\">\n\t\t\t\t<div class=\"elementor-widget-container\">\n\t\t\t\t\t<h4 class=\"elementor-heading-title elementor-size-default\">Mappa<\/h4>\t\t\t\t<\/div>\n\t\t\t\t<\/div>\n\t\t\t\t<div class=\"elementor-element elementor-element-67c03ed elementor-widget elementor-widget-ucaddon_dropbar\" data-id=\"67c03ed\" data-element_type=\"widget\" data-e-type=\"widget\" data-widget_type=\"ucaddon_dropbar.default\">\n\t\t\t\t<div class=\"elementor-widget-container\">\n\t\t\t\t\t\n<!-- start Toggle Dropdown -->\n\t\t<link id='font-awesome-css' href='https:\/\/salviatino.com\/wp-content\/plugins\/unlimited-elements-for-elementor\/assets_libraries\/font-awesome6\/fontawesome-all.min.css' type='text\/css' rel='stylesheet' >\n\t\t<link id='font-awesome-4-shim-css' href='https:\/\/salviatino.com\/wp-content\/plugins\/unlimited-elements-for-elementor\/assets_libraries\/font-awesome6\/fontawesome-v4-shims.min.css' type='text\/css' rel='stylesheet' >\n\n<style>\/* widget: Toggle Dropdown *\/\n\n#uc_dropbar_elementor_67c03ed{\n  position:relative;\n  display:flex;\n  flex-direction: row;\n  align-items:center;\n}\n\n#uc_dropbar_elementor_67c03ed .ue-dropbar-button{\n  position: relative;\n  display: flex;\n  flex-direction: row;\n  align-items: center;\n  justify-content: center;\n  text-align:center;\n  outline:none;\n  transition-property: all;\n}\n\n\n#uc_dropbar_elementor_67c03ed .ue-dropbar-content{\n  display: flex;\n  flex-direction: column;\n      max-width: 95vw;\n    visibility:hidden;\n  opacity:0;\n  pointer-events:none;\n  position: absolute; \n  \n    \n}\n#uc_dropbar_elementor_67c03ed .ue-dropbar-content.ue-dropbar-active {\n  display: flex;\n  visibility:visible;\n  opacity:1;\n  translate: 0px 0px;\n  pointer-events:all;\n}\n\n\n #:not(#uc_dropbar_elementor_67c03ed #){\n \tdisplay: none;\n }\n\n\nbody{\n  overflow-x:hidden;\n}\n\n<\/style>\n\n\n<div id=\"uc_dropbar_elementor_67c03ed\" class=\"ue-dropbar\" data-source=\"text\" data-element-id=\"\" data-show-errors=\"false\" data-hide-connected-elements=\"false\" data-editor=\"no\">\n  \n    <button class=\"ue-dropbar-button \" role=\"button\">\n            Guarda indicazioni\n          <\/button>\n\n  <div class=\"ue-dropbar-content\">\n\n          <iframe style=\"border: 0;\" src=\"https:\/\/www.google.com\/maps\/embed?pb=!1m18!1m12!1m3!1d5760.541243708862!2d11.294641112143802!3d43.78799727097542!2m3!1f0!2f0!3f0!3m2!1i1024!2i768!4f13.1!3m3!1m2!1s0x132a545f1f22e215%3A0x74f5567bf8e74f88!2sil%20Salviatino%20Firenze!5e0!3m2!1sit!2sus!4v1747583822339!5m2!1sit!2sus\" width=\"600\" height=\"450\" allowfullscreen=\"allowfullscreen\"><span data-mce-type=\"bookmark\" style=\"display: inline-block; width: 100%; overflow: hidden; line-height: 0;\" class=\"mce_SELRES_start\"><\/span><\/iframe>\n          \n        \n      <\/div>\n  \n<\/div>\n<!-- end Toggle Dropdown -->\t\t\t\t<\/div>\n\t\t\t\t<\/div>\n\t\t\t\t<\/div>\n\t\t\t\t\t<\/div>\n\t\t\t\t<\/div>\n\t\t<div class=\"elementor-element elementor-element-fa3feb0 e-con-full e-flex e-con e-parent\" data-id=\"fa3feb0\" data-element_type=\"container\" data-e-type=\"container\" data-settings=\"{&quot;background_background&quot;:&quot;classic&quot;}\">\n\t\t<div class=\"elementor-element elementor-element-c32f6d9 e-con-full e-flex e-con e-child\" data-id=\"c32f6d9\" data-element_type=\"container\" data-e-type=\"container\">\n\t\t\t\t<div class=\"elementor-element elementor-element-7809128 elementor-widget elementor-widget-image\" data-id=\"7809128\" data-element_type=\"widget\" data-e-type=\"widget\" data-widget_type=\"image.default\">\n\t\t\t\t<div class=\"elementor-widget-container\">\n\t\t\t\t\t\t\t\t\t\t\t\t\t\t\t<img fetchpriority=\"high\" decoding=\"async\" width=\"850\" height=\"1280\" src=\"https:\/\/salviatino.com\/wp-content\/uploads\/2025\/03\/il-salviatino-firenze-duomo-veduta.webp\" class=\"attachment-full size-full wp-image-9386\" alt=\"\" srcset=\"https:\/\/salviatino.com\/wp-content\/uploads\/2025\/03\/il-salviatino-firenze-duomo-veduta.webp 850w, https:\/\/salviatino.com\/wp-content\/uploads\/2025\/03\/il-salviatino-firenze-duomo-veduta-199x300.webp 199w, https:\/\/salviatino.com\/wp-content\/uploads\/2025\/03\/il-salviatino-firenze-duomo-veduta-680x1024.webp 680w, https:\/\/salviatino.com\/wp-content\/uploads\/2025\/03\/il-salviatino-firenze-duomo-veduta-768x1157.webp 768w\" sizes=\"(max-width: 850px) 100vw, 850px\" \/>\t\t\t\t\t\t\t\t\t\t\t\t\t\t\t<\/div>\n\t\t\t\t<\/div>\n\t\t\t\t<div class=\"elementor-element elementor-element-1effe54 elementor-widget elementor-widget-image\" data-id=\"1effe54\" data-element_type=\"widget\" data-e-type=\"widget\" data-widget_type=\"image.default\">\n\t\t\t\t<div class=\"elementor-widget-container\">\n\t\t\t\t\t\t\t\t\t\t\t\t\t\t\t<img decoding=\"async\" width=\"1920\" height=\"1280\" src=\"https:\/\/salviatino.com\/wp-content\/uploads\/2025\/03\/il-salviatino-firenze-ambiente-esterni.webp\" class=\"attachment-full size-full wp-image-9329\" alt=\"\" srcset=\"https:\/\/salviatino.com\/wp-content\/uploads\/2025\/03\/il-salviatino-firenze-ambiente-esterni.webp 1920w, https:\/\/salviatino.com\/wp-content\/uploads\/2025\/03\/il-salviatino-firenze-ambiente-esterni-300x200.webp 300w, https:\/\/salviatino.com\/wp-content\/uploads\/2025\/03\/il-salviatino-firenze-ambiente-esterni-1024x683.webp 1024w, https:\/\/salviatino.com\/wp-content\/uploads\/2025\/03\/il-salviatino-firenze-ambiente-esterni-768x512.webp 768w, https:\/\/salviatino.com\/wp-content\/uploads\/2025\/03\/il-salviatino-firenze-ambiente-esterni-1536x1024.webp 1536w, https:\/\/salviatino.com\/wp-content\/uploads\/2025\/03\/il-salviatino-firenze-ambiente-esterni-200x133.webp 200w\" sizes=\"(max-width: 1920px) 100vw, 1920px\" \/>\t\t\t\t\t\t\t\t\t\t\t\t\t\t\t<\/div>\n\t\t\t\t<\/div>\n\t\t\t\t<\/div>\n\t\t\t\t<\/div>\n\t\t\t\t<\/div>\n\t\t","protected":false},"excerpt":{"rendered":"<p>Contatti Localit\u00e0 A soli 10 minuti dal centro, gli ospiti de Il Salviatino hanno la citt\u00e0 di Firenze a due passi. \u00c8 quasi impossibile essere cos\u00ec vicini al centro, sentendosi al contempo immersi nella ricca campagna toscana. Le navette gratuite disponibili tutto il giorno offrono infinite opportunit\u00e0 per esplorare arte e architettura a proprio piacimento. [&hellip;]<\/p>\n","protected":false},"author":1,"featured_media":0,"parent":0,"menu_order":0,"comment_status":"closed","ping_status":"closed","template":"","meta":{"_acf_changed":false,"footnotes":""},"class_list":["post-10017","page","type-page","status-publish","hentry"],"acf":[],"_links":{"self":[{"href":"https:\/\/salviatino.com\/it\/wp-json\/wp\/v2\/pages\/10017","targetHints":{"allow":["GET"]}}],"collection":[{"href":"https:\/\/salviatino.com\/it\/wp-json\/wp\/v2\/pages"}],"about":[{"href":"https:\/\/salviatino.com\/it\/wp-json\/wp\/v2\/types\/page"}],"author":[{"embeddable":true,"href":"https:\/\/salviatino.com\/it\/wp-json\/wp\/v2\/users\/1"}],"replies":[{"embeddable":true,"href":"https:\/\/salviatino.com\/it\/wp-json\/wp\/v2\/comments?post=10017"}],"version-history":[{"count":3,"href":"https:\/\/salviatino.com\/it\/wp-json\/wp\/v2\/pages\/10017\/revisions"}],"predecessor-version":[{"id":10229,"href":"https:\/\/salviatino.com\/it\/wp-json\/wp\/v2\/pages\/10017\/revisions\/10229"}],"wp:attachment":[{"href":"https:\/\/salviatino.com\/it\/wp-json\/wp\/v2\/media?parent=10017"}],"curies":[{"name":"wp","href":"https:\/\/api.w.org\/{rel}","templated":true}]}}