{"id":10022,"date":"2025-05-20T12:44:16","date_gmt":"2025-05-20T10:44:16","guid":{"rendered":"https:\/\/salviatino.com\/privacy-policy-2\/"},"modified":"2025-07-09T16:20:03","modified_gmt":"2025-07-09T14:20:03","slug":"privacy-policy-2","status":"publish","type":"page","link":"https:\/\/salviatino.com\/it\/privacy-policy-2\/","title":{"rendered":"Privacy policy"},"content":{"rendered":"\t\t<div data-elementor-type=\"wp-page\" data-elementor-id=\"10022\" class=\"elementor elementor-10022 elementor-7551\" data-elementor-post-type=\"page\">\n\t\t\t\t<div class=\"elementor-element elementor-element-7fa6e7e e-con-full e-flex e-con e-parent\" data-id=\"7fa6e7e\" data-element_type=\"container\" data-e-type=\"container\">\n\t\t\t\t<div class=\"elementor-element elementor-element-a467e76 animated-slow elementor-widget-mobile__width-initial elementor-widget__width-initial elementor-invisible elementor-widget elementor-widget-heading\" data-id=\"a467e76\" data-element_type=\"widget\" data-e-type=\"widget\" data-settings=\"{&quot;_animation&quot;:&quot;fadeIn&quot;,&quot;_animation_delay&quot;:500}\" data-widget_type=\"heading.default\">\n\t\t\t\t<div class=\"elementor-widget-container\">\n\t\t\t\t\t<h1 class=\"elementor-heading-title elementor-size-default\">Privacy policy<\/h1>\t\t\t\t<\/div>\n\t\t\t\t<\/div>\n\t\t\t\t<\/div>\n\t\t<div class=\"elementor-element elementor-element-a5a1b38 e-flex e-con-boxed e-con e-parent\" data-id=\"a5a1b38\" data-element_type=\"container\" data-e-type=\"container\">\n\t\t\t\t\t<div class=\"e-con-inner\">\n\t\t<div class=\"elementor-element elementor-element-5f812e7 e-con-full e-flex e-con e-child\" data-id=\"5f812e7\" data-element_type=\"container\" data-e-type=\"container\">\n\t\t\t\t<div class=\"elementor-element elementor-element-987170c elementor-widget__width-initial elementor-widget elementor-widget-heading\" data-id=\"987170c\" data-element_type=\"widget\" data-e-type=\"widget\" data-widget_type=\"heading.default\">\n\t\t\t\t<div class=\"elementor-widget-container\">\n\t\t\t\t\t<h2 class=\"elementor-heading-title elementor-size-default\">INFORMATIVA SUL TRATTAMENTO DEI DATI PERSONALI\ndegli utenti che visitano i siti web dell'Hotel Il Salviatino<\/h2>\t\t\t\t<\/div>\n\t\t\t\t<\/div>\n\t\t\t\t<\/div>\n\t\t<div class=\"elementor-element elementor-element-d92a0ec e-con-full e-flex e-con e-child\" data-id=\"d92a0ec\" data-element_type=\"container\" data-e-type=\"container\">\n\t\t\t\t<div class=\"elementor-element elementor-element-26545bc elementor-widget elementor-widget-text-editor\" data-id=\"26545bc\" data-element_type=\"widget\" data-e-type=\"widget\" data-widget_type=\"text-editor.default\">\n\t\t\t\t<div class=\"elementor-widget-container\">\n\t\t\t\t\t\t\t\t\t<p>Questa pagina descrive le politiche di gestione del sito web in relazione al trattamento dei dati personali degli utenti che lo consultano e alla loro privacy. Questa informativa \u00e8 fornita ai sensi dell&#8217;articolo 13 del GDPR 679\/2016 \u2013 Normativa in materia di Protezione dei Dati Personali e riguarda gli individui che interagiscono con i servizi web di Hotel Il Salviatino, accessibili per via telematica tramite l&#8217;indirizzo web <a href=\"https:\/\/salviatino.com\/it\/\">https:\/\/salviatino.com\/<\/a>, corrispondente alla home page del sito ufficiale di Hotel Il Salviatino in Via del Salviatino, 21 \u2013 50137 Firenze. La presente nota informativa \u00e8 valida solo per il sito web sopra menzionato e non per altri siti eventualmente consultati dall&#8217;utente tramite link.  <\/p><h5><strong>Il \u201cTitolare del trattamento\u201d<\/strong><\/h5><p>A seguito dell&#8217;accesso a questo sito web, possono essere trattati dati relativi a persone identificate o identificabili. Il &#8220;Titolare del trattamento&#8221; dei dati personali raccolti a seguito di una visita al nostro sito web o di qualsiasi altro dato utilizzato per la fornitura dei nostri servizi \u00e8 MPG Italia Srl, Via Salviatino, 12 \u2013 50137 Firenze. Il Coordinatore per la Protezione dei Dati \u00e8 il Sig. Massimo Bruno, contattabile all&#8217;indirizzo: <a href=\"mailto:privacy@salviatino.com\">privacy@salviatino.com<\/a>.  <\/p><h5><strong>Luogo di elaborazione dati<\/strong><\/h5><p>Il trattamento dei dati relativi ai servizi web di questo sito [fisicamente ospitato per FIDIM Servizi Srl da Impulso Digitale srl, Via Tonio da Belledo, 13B \u2013 23900 (Lecco) (\u201c<a href=\"https:\/\/impulsodigitale.it\/\" rel=\"noopener\">impulsodigitale.it<\/a>\u201c)] viene effettuato presso la suddetta sede e tali dati sono trattati unicamente dal personale tecnico incaricato del trattamento dell&#8217;Ufficio Trattamento Dati, o da eventuali incaricati del trattamento ai quali siano affidate occasionali operazioni di manutenzione.<\/p><p>I dati personali ottenuti dagli utenti che inviano richieste di prenotazione alberghiera o tramite materiale informativo (note informative, newsletter, registrazioni, ecc.) sono utilizzati esclusivamente per l&#8217;erogazione dei servizi o dell&#8217;assistenza richiesta e non vengono trasmessi a terzi, salvo nei seguenti possibili casi:<\/p><ul><li>Partner commerciali di MPG Italia Srl, Hotel Il Salviatino (a cui MPG Italia Srl trasmette i dati esclusivamente per gestire le prenotazioni online), inclusi Serenissima Informatica Spa (Via Croce Rossa, 5 \u2013 35129 Padova) e Small Luxury Hotels of the World (https:\/\/slh.com\/ \u2013 UK).<\/li><li>Persone fisiche, societ\u00e0 o studi professionali che prestano servizi di assistenza e consulenza a MPG Italia Srl e all&#8217;Hotel Il Salviatino in materia contabile, amministrativa, legale, finanziaria e fiscale;<\/li><li>Soggetti autorizzati ad accedere ai dati per legge o su richiesta delle autorit\u00e0;<\/li><\/ul>\t\t\t\t\t\t\t\t<\/div>\n\t\t\t\t<\/div>\n\t\t\t\t<\/div>\n\t\t\t\t\t<\/div>\n\t\t\t\t<\/div>\n\t\t<div class=\"elementor-element elementor-element-de3ed41 e-flex e-con-boxed e-con e-parent\" data-id=\"de3ed41\" data-element_type=\"container\" data-e-type=\"container\">\n\t\t\t\t\t<div class=\"e-con-inner\">\n\t\t<div class=\"elementor-element elementor-element-f555d11 e-con-full e-flex e-con e-child\" data-id=\"f555d11\" data-element_type=\"container\" data-e-type=\"container\">\n\t\t\t\t<div class=\"elementor-element elementor-element-203c561 elementor-widget elementor-widget-heading\" data-id=\"203c561\" data-element_type=\"widget\" data-e-type=\"widget\" data-widget_type=\"heading.default\">\n\t\t\t\t<div class=\"elementor-widget-container\">\n\t\t\t\t\t<h3 class=\"elementor-heading-title elementor-size-default\">CATEGORIE DI DATI TRATTATI<\/h3>\t\t\t\t<\/div>\n\t\t\t\t<\/div>\n\t\t\t\t<\/div>\n\t\t<div class=\"elementor-element elementor-element-6722b56 e-con-full e-flex e-con e-child\" data-id=\"6722b56\" data-element_type=\"container\" data-e-type=\"container\">\n\t\t\t\t<div class=\"elementor-element elementor-element-d4cfb12 elementor-widget elementor-widget-text-editor\" data-id=\"d4cfb12\" data-element_type=\"widget\" data-e-type=\"widget\" data-widget_type=\"text-editor.default\">\n\t\t\t\t<div class=\"elementor-widget-container\">\n\t\t\t\t\t\t\t\t\t<h5><strong>Dati di navigazione<\/strong><\/h5><p>I sistemi informatici e le procedure software preposte al funzionamento di questo sito web acquisiscono, nel corso del loro normale esercizio, alcuni dati personali la cui trasmissione \u00e8 implicita nell&#8217;uso dei protocolli di comunicazione di Internet. Si tratta di informazioni che non sono raccolte per essere associate a interessi identificabili, ma che per loro stessa natura potrebbero, attraverso elaborazioni e associazioni con dati detenuti da terzi, permettere l&#8217;identificazione dell&#8217;utente. Rientrano in questa categoria di dati: gli indirizzi IP o i nomi a dominio dei computer utilizzati dagli utenti che si connettono al sito, gli indirizzi in notazione URI (Uniform Resource Identifier) delle risorse richieste, l&#8217;orario della richiesta, il metodo utilizzato nel sottoporre la richiesta al server, la dimensione del file ottenuto in risposta, il codice numerico indicante lo stato della risposta data dal server (buon fine, errore, ecc.) e altri parametri relativi al sistema operativo e all&#8217;ambiente informatico dell&#8217;utente.  <\/p><h5><strong>Dati forniti volontariamente dall&#8217;utente<\/strong><\/h5><p>L&#8217;invio facoltativo, esplicito e volontario di e-mail agli indirizzi indicati sul sito web comporta la successiva acquisizione dell&#8217;indirizzo del mittente, necessario per rispondere alla richiesta, nonch\u00e9 degli eventuali ulteriori dati personali inseriti nel messaggio. Specifiche informative di sintesi verranno progressivamente riportate o visualizzate nelle pagine del sito web predisposte per particolari servizi e richieste. I dati personali relativi al singolo visitatore del sito web non vengono raccolti n\u00e9 utilizzati. I visitatori rimangono anonimi. L&#8217;unica eccezione a questa regola riguarda i dati di identificazione personale necessari per adempiere agli obblighi contrattuali di prenotazione per conto dell&#8217;utente. In caso di prenotazioni effettuate tramite il sito web, l&#8217;utente deve fornire nome, indirizzo, numero di telefono e informazioni relative alle modalit\u00e0 di pagamento e alla carta di credito utilizzata. MPG Italia Srl utilizzer\u00e0 tali informazioni esclusivamente per l&#8217;elaborazione delle prenotazioni e per inviare informazioni specifiche ad esse pertinenti, come una ricevuta, il codice di prenotazione e le condizioni. Le informazioni fornite non saranno utilizzate per scopi di marketing e non saranno vendute, trasmesse, cedute in contratto o inviate a terzi in alcun modo, ad eccezione del nostro fornitore di servizi di prenotazione online (Responsabile del Trattamento) Small Luxury Hotels of the World (https:\/\/slh.com\/ \u2013 UK) e del suo sub-responsabile Sabre GLBL Inc tramite il suo Central Reservation System SynXis (www.sabrehospitality.com) incaricato di elaborare le operazioni di prenotazione, a cui \u00e8 affidata l&#8217;elaborazione delle prenotazioni solo per finalit\u00e0 di prenotazione online, insieme alle Societ\u00e0 di Carte di Credito che possono essere contattate per verificare la validit\u00e0 delle prenotazioni.       <\/p><p>In ogni caso, l&#8217;amministratore del sito web garantisce l&#8217;adozione di procedure scrupolose per proteggere i dati di navigazione e l&#8217;uso di particolari precauzioni per tutelare i dati della carta di credito forniti durante le prenotazioni online.<\/p><p>Questo sito \u00e8 protetto da reCAPTCHA e si applicano la <a href=\"https:\/\/policies.google.com\/privacy\" target=\"_blank\" rel=\"noopener noreferrer\">Privacy Policy<\/a> e i <a href=\"https:\/\/policies.google.com\/terms\" target=\"_blank\" rel=\"noopener noreferrer\">Terms of Service<\/a><br>di Google.<\/p><h5><strong>Trattamento dei Dati Personali Raccolti dai Curriculum Vitae<\/strong><\/h5><p>MPG Italia Srl accetta Curriculum Vitae di possibili candidati tramite e-mail in formato PDF. La fornitura spontanea e volontaria dei dati contenuti nel Curriculum Vitae sar\u00e0 considerata come consenso informato implicito da parte degli interessati al trattamento dei dati personali, esclusivamente per le finalit\u00e0 legate alla selezione di potenziali candidati. I dati trattati per la selezione dei candidati sono quelli personali utili alla ricerca del profilo specifico. In generale, la natura dei dati \u00e8 comune, salvo alcuni casi in cui si potrebbero indicare dati sensibili necessari per identificare requisiti specifici della normativa, come l&#8217;appartenenza a particolari categorie protette, l&#8217;idoneit\u00e0 a determinate mansioni e\/o avviamenti richiesti, nei limiti stabiliti dalle Autorizzazioni Generali del Garante n. 1 e 2 del 15 dicembre 2016 (Pubblicate nella Gazzetta Ufficiale n. 303 del 29 dicembre 2016).   <\/p><p>La fornitura dei dati relativi alla selezione dei candidati \u00e8 obbligatoria. Qualsiasi rifiuto di fornire tali dati rende impossibile una selezione ordinata e l&#8217;eventuale assunzione. I dati in questione non saranno divulgati a terzi.  <\/p><h5><strong>Regole Generali per la presentazione del CV<\/strong><\/h5><p>Ogni CV ricevuto spontaneamente o in risposta a un annuncio di lavoro sar\u00e0 conservato direttamente dalla persona incaricata del trattamento, in conformit\u00e0 con le linee guida di sicurezza dei dati personali adottate e in osservanza delle misure di sicurezza previste dal Titolo V, Capitolo I e II del Codice e dal Capitolo IV, Sezione 2 del GDPR 679\/2016. Tali CV saranno stampati solo in occasione di un incontro e di un colloquio con l&#8217;interessato. Dopo il colloquio, se il candidato non viene selezionato, il CV verr\u00e0 eliminato e\/o distrutto. In tutti gli altri casi, i CV saranno conservati per 6 mesi e successivamente saranno cancellati dal PC e, se stampati, verranno distrutti. Per inviare il Curriculum Vitae, utilizzare i seguenti recapiti: <strong>Human Resources Dpt Il Salviatino, Via del Salviatino, 21 &#8211; 50137 Firenze <\/strong>\u2013 c.a. E-mail: <a href=\"mailto:info@salviatino.com\"><strong>info@salviatino.com<\/strong><\/a>    <\/p><h5><strong>Periodo di conservazione dei dati \u2013 Criteri utilizzati<\/strong><\/h5><p>In conformit\u00e0 con quanto previsto dall&#8217;articolo 5, paragrafo 1, lettera e) del Regolamento (UE) 2016\/679, i dati personali acquisiti verranno conservati in un formato che permetta l&#8217;identificazione degli interessati per un periodo non eccedente le finalit\u00e0 per le quali tali dati sono stati raccolti e in seguito elaborati.  <\/p><p><strong>I periodi di conservazione dei dati dipendono dalle finalit\u00e0 del trattamento:<\/strong><\/p><ul><li>Finalit\u00e0 relative ai dati di navigazione tecnici per il corretto funzionamento del sito web: conservazione limitata alla sessione correlata, dopodich\u00e9 i dati vengono eliminati.<\/li><li>Finalit\u00e0 della risposta a richieste di informazioni \/ fornitura di servizi (fino a 12 mesi per le richieste di contatto; 10 anni per la documentazione amministrativa \/ contabile \/ finanziaria relativa alla fornitura di un servizio);<\/li><li>Raccolta dati per il reclutamento del personale (fino a 6 mesi);<\/li><li>newsletter, comunicazioni di marketing o promozionali in generale (fino a 24 mesi), fino alla revoca del consenso;<\/li><li>Finalit\u00e0 di gestione amministrativa \/ contabile \/ finanziaria: 10 anni come richiesto dalla legge per la conservazione della documentazione amministrativa \/ contabile \/ finanziaria.<\/li><\/ul>\t\t\t\t\t\t\t\t<\/div>\n\t\t\t\t<\/div>\n\t\t\t\t<\/div>\n\t\t\t\t\t<\/div>\n\t\t\t\t<\/div>\n\t\t\t\t<\/div>\n\t\t","protected":false},"excerpt":{"rendered":"<p>Privacy policy INFORMATIVA SUL TRATTAMENTO DEI DATI PERSONALI degli utenti che visitano i siti web dell&#8217;Hotel Il Salviatino Questa pagina descrive le politiche di gestione del sito web in relazione al trattamento dei dati personali degli utenti che lo consultano e alla loro privacy. Questa informativa \u00e8 fornita ai sensi dell&#8217;articolo 13 del GDPR 679\/2016 [&hellip;]<\/p>\n","protected":false},"author":1,"featured_media":0,"parent":0,"menu_order":0,"comment_status":"closed","ping_status":"closed","template":"","meta":{"_acf_changed":false,"footnotes":""},"class_list":["post-10022","page","type-page","status-publish","hentry"],"acf":[],"_links":{"self":[{"href":"https:\/\/salviatino.com\/it\/wp-json\/wp\/v2\/pages\/10022","targetHints":{"allow":["GET"]}}],"collection":[{"href":"https:\/\/salviatino.com\/it\/wp-json\/wp\/v2\/pages"}],"about":[{"href":"https:\/\/salviatino.com\/it\/wp-json\/wp\/v2\/types\/page"}],"author":[{"embeddable":true,"href":"https:\/\/salviatino.com\/it\/wp-json\/wp\/v2\/users\/1"}],"replies":[{"embeddable":true,"href":"https:\/\/salviatino.com\/it\/wp-json\/wp\/v2\/comments?post=10022"}],"version-history":[{"count":1,"href":"https:\/\/salviatino.com\/it\/wp-json\/wp\/v2\/pages\/10022\/revisions"}],"predecessor-version":[{"id":10023,"href":"https:\/\/salviatino.com\/it\/wp-json\/wp\/v2\/pages\/10022\/revisions\/10023"}],"wp:attachment":[{"href":"https:\/\/salviatino.com\/it\/wp-json\/wp\/v2\/media?parent=10022"}],"curies":[{"name":"wp","href":"https:\/\/api.w.org\/{rel}","templated":true}]}}