{"id":9977,"date":"2025-05-11T13:30:27","date_gmt":"2025-05-11T11:30:27","guid":{"rendered":"https:\/\/salviatino.com\/ristoranti-e-bar\/pool-bar\/"},"modified":"2025-07-10T10:33:07","modified_gmt":"2025-07-10T08:33:07","slug":"pool-bar","status":"publish","type":"page","link":"https:\/\/salviatino.com\/it\/ristoranti-e-bar\/pool-bar\/","title":{"rendered":"Pool Bar"},"content":{"rendered":"\t\t<div data-elementor-type=\"wp-page\" data-elementor-id=\"9977\" class=\"elementor elementor-9977 elementor-5651\" data-elementor-post-type=\"page\">\n\t\t\t\t<div class=\"elementor-element elementor-element-e5d65d6 e-con-full e-flex e-con e-parent\" data-id=\"e5d65d6\" data-element_type=\"container\" data-e-type=\"container\">\n\t\t<div class=\"elementor-element elementor-element-ef88463 e-con-full e-flex e-con e-child\" data-id=\"ef88463\" data-element_type=\"container\" data-e-type=\"container\" data-settings=\"{&quot;background_background&quot;:&quot;classic&quot;,&quot;background_motion_fx_motion_fx_scrolling&quot;:&quot;yes&quot;,&quot;background_motion_fx_translateY_effect&quot;:&quot;yes&quot;,&quot;background_motion_fx_translateY_speed&quot;:{&quot;unit&quot;:&quot;px&quot;,&quot;size&quot;:1,&quot;sizes&quot;:[]},&quot;background_motion_fx_opacity_effect&quot;:&quot;yes&quot;,&quot;background_motion_fx_opacity_direction&quot;:&quot;out-in-out&quot;,&quot;background_motion_fx_devices&quot;:[&quot;desktop&quot;],&quot;background_motion_fx_translateY_affectedRange&quot;:{&quot;unit&quot;:&quot;%&quot;,&quot;size&quot;:&quot;&quot;,&quot;sizes&quot;:{&quot;start&quot;:0,&quot;end&quot;:100}},&quot;background_motion_fx_opacity_level&quot;:{&quot;unit&quot;:&quot;px&quot;,&quot;size&quot;:10,&quot;sizes&quot;:[]},&quot;background_motion_fx_opacity_range&quot;:{&quot;unit&quot;:&quot;%&quot;,&quot;size&quot;:&quot;&quot;,&quot;sizes&quot;:{&quot;start&quot;:20,&quot;end&quot;:80}}}\">\n\t\t<div class=\"elementor-element elementor-element-d95c35a e-con-full e-transform e-flex e-con e-child\" data-id=\"d95c35a\" data-element_type=\"container\" data-e-type=\"container\" data-settings=\"{&quot;_transform_translateX_effect&quot;:{&quot;unit&quot;:&quot;px&quot;,&quot;size&quot;:&quot;&quot;,&quot;sizes&quot;:[]},&quot;_transform_translateX_effect_tablet&quot;:{&quot;unit&quot;:&quot;px&quot;,&quot;size&quot;:&quot;&quot;,&quot;sizes&quot;:[]},&quot;_transform_translateX_effect_mobile&quot;:{&quot;unit&quot;:&quot;px&quot;,&quot;size&quot;:&quot;&quot;,&quot;sizes&quot;:[]},&quot;_transform_translateY_effect&quot;:{&quot;unit&quot;:&quot;px&quot;,&quot;size&quot;:&quot;&quot;,&quot;sizes&quot;:[]},&quot;_transform_translateY_effect_tablet&quot;:{&quot;unit&quot;:&quot;px&quot;,&quot;size&quot;:&quot;&quot;,&quot;sizes&quot;:[]},&quot;_transform_translateY_effect_mobile&quot;:{&quot;unit&quot;:&quot;px&quot;,&quot;size&quot;:&quot;&quot;,&quot;sizes&quot;:[]}}\">\n\t\t\t\t<div class=\"elementor-element elementor-element-88207d7 animated-slow elementor-widget-mobile__width-initial elementor-invisible elementor-widget elementor-widget-heading\" data-id=\"88207d7\" data-element_type=\"widget\" data-e-type=\"widget\" data-settings=\"{&quot;_animation&quot;:&quot;fadeIn&quot;,&quot;motion_fx_translateY_affectedRange&quot;:{&quot;unit&quot;:&quot;%&quot;,&quot;size&quot;:&quot;&quot;,&quot;sizes&quot;:{&quot;start&quot;:50,&quot;end&quot;:100}},&quot;motion_fx_range&quot;:&quot;viewport&quot;,&quot;_animation_delay&quot;:800,&quot;motion_fx_motion_fx_scrolling&quot;:&quot;yes&quot;,&quot;motion_fx_translateY_effect&quot;:&quot;yes&quot;,&quot;motion_fx_translateY_speed&quot;:{&quot;unit&quot;:&quot;px&quot;,&quot;size&quot;:1,&quot;sizes&quot;:[]},&quot;motion_fx_devices&quot;:[&quot;desktop&quot;]}\" data-widget_type=\"heading.default\">\n\t\t\t\t<div class=\"elementor-widget-container\">\n\t\t\t\t\t<h1 class=\"elementor-heading-title elementor-size-default\">Pool Bar<\/h1>\t\t\t\t<\/div>\n\t\t\t\t<\/div>\n\t\t\t\t<\/div>\n\t\t\t\t<\/div>\n\t\t\t\t<\/div>\n\t\t<div class=\"elementor-element elementor-element-949e0ed e-flex e-con-boxed e-con e-parent\" data-id=\"949e0ed\" data-element_type=\"container\" data-e-type=\"container\" data-settings=\"{&quot;background_background&quot;:&quot;classic&quot;}\">\n\t\t\t\t\t<div class=\"e-con-inner\">\n\t\t<div class=\"elementor-element elementor-element-d5eed86 e-con-full e-flex e-con e-child\" data-id=\"d5eed86\" data-element_type=\"container\" data-e-type=\"container\">\n\t\t\t\t<div class=\"elementor-element elementor-element-b6914be elementor-widget__width-initial elementor-widget elementor-widget-heading\" data-id=\"b6914be\" data-element_type=\"widget\" data-e-type=\"widget\" data-widget_type=\"heading.default\">\n\t\t\t\t<div class=\"elementor-widget-container\">\n\t\t\t\t\t<h2 class=\"elementor-heading-title elementor-size-default\">Un\u2019oasi di freschezza tra arte e natura<\/h2>\t\t\t\t<\/div>\n\t\t\t\t<\/div>\n\t\t\t\t<div class=\"elementor-element elementor-element-9dd415f elementor-widget elementor-widget-text-editor\" data-id=\"9dd415f\" data-element_type=\"widget\" data-e-type=\"widget\" data-widget_type=\"text-editor.default\">\n\t\t\t\t<div class=\"elementor-widget-container\">\n\t\t\t\t\t\t\t\t\t<p>Accanto alla piscina esterna riscaldata della villa, il Pool Bar di Il Salviatino \u00e8 un rifugio di relax immerso nel verde rigoglioso. Gli ospiti possono concedersi una pausa rigenerante ammirando la vegetazione e l\u2019orto aromatico della villa, per un\u2019esperienza che coinvolge tutti i sensi. <\/p>\t\t\t\t\t\t\t\t<\/div>\n\t\t\t\t<\/div>\n\t\t\t\t<\/div>\n\t\t<div class=\"elementor-element elementor-element-4fb066c e-con-full e-flex e-con e-child\" data-id=\"4fb066c\" data-element_type=\"container\" data-e-type=\"container\">\n\t\t\t\t<div class=\"elementor-element elementor-element-656c740 elementor-widget__width-initial elementor-widget elementor-widget-heading\" data-id=\"656c740\" data-element_type=\"widget\" data-e-type=\"widget\" data-widget_type=\"heading.default\">\n\t\t\t\t<div class=\"elementor-widget-container\">\n\t\t\t\t\t<h3 class=\"elementor-heading-title elementor-size-default\">Delizie gastronomiche e bevande<\/h3>\t\t\t\t<\/div>\n\t\t\t\t<\/div>\n\t\t\t\t<div class=\"elementor-element elementor-element-4431092 elementor-widget-tablet__width-initial elementor-widget-mobile__width-inherit elementor-widget__width-initial elementor-widget elementor-widget-text-editor\" data-id=\"4431092\" data-element_type=\"widget\" data-e-type=\"widget\" data-widget_type=\"text-editor.default\">\n\t\t\t\t<div class=\"elementor-widget-container\">\n\t\t\t\t\t\t\t\t\t<p>Il Pool Bar propone una selezione di succhi freschi, snack ispirati all\u2019orto e una curata scelta di cocktail e vini. Tra le specialit\u00e0 da non perdere, il caff\u00e8 shakerato: un tocco originale al classico rito del caff\u00e8. <\/p>\t\t\t\t\t\t\t\t<\/div>\n\t\t\t\t<\/div>\n\t\t\t\t<\/div>\n\t\t<div class=\"elementor-element elementor-element-46c7710 e-con-full e-flex e-con e-child\" data-id=\"46c7710\" data-element_type=\"container\" data-e-type=\"container\">\n\t\t\t\t<\/div>\n\t\t\t\t\t<\/div>\n\t\t\t\t<\/div>\n\t\t<div class=\"elementor-element elementor-element-6899e45 e-con-full e-flex e-con e-parent\" data-id=\"6899e45\" data-element_type=\"container\" data-e-type=\"container\">\n\t\t<div class=\"elementor-element elementor-element-b4076c6 e-con-full e-flex e-con e-child\" data-id=\"b4076c6\" data-element_type=\"container\" data-e-type=\"container\">\n\t\t\t\t<div class=\"elementor-element elementor-element-ce07802 animated-slow elementor-invisible elementor-widget elementor-widget-image\" data-id=\"ce07802\" data-element_type=\"widget\" data-e-type=\"widget\" data-settings=\"{&quot;_animation&quot;:&quot;fadeIn&quot;,&quot;_animation_delay&quot;:500}\" data-widget_type=\"image.default\">\n\t\t\t\t<div class=\"elementor-widget-container\">\n\t\t\t\t\t\t\t\t\t\t\t\t\t\t\t<img fetchpriority=\"high\" decoding=\"async\" width=\"853\" height=\"1280\" src=\"https:\/\/salviatino.com\/wp-content\/uploads\/2025\/06\/pool-bar-desk-il-salviatino-florence.webp\" class=\"attachment-full size-full wp-image-9685\" alt=\"\" srcset=\"https:\/\/salviatino.com\/wp-content\/uploads\/2025\/06\/pool-bar-desk-il-salviatino-florence.webp 853w, https:\/\/salviatino.com\/wp-content\/uploads\/2025\/06\/pool-bar-desk-il-salviatino-florence-200x300.webp 200w, https:\/\/salviatino.com\/wp-content\/uploads\/2025\/06\/pool-bar-desk-il-salviatino-florence-682x1024.webp 682w, https:\/\/salviatino.com\/wp-content\/uploads\/2025\/06\/pool-bar-desk-il-salviatino-florence-768x1152.webp 768w\" sizes=\"(max-width: 853px) 100vw, 853px\" \/>\t\t\t\t\t\t\t\t\t\t\t\t\t\t\t<\/div>\n\t\t\t\t<\/div>\n\t\t\t\t<div class=\"elementor-element elementor-element-377e9c9 animated-fast elementor-invisible elementor-widget elementor-widget-image\" data-id=\"377e9c9\" data-element_type=\"widget\" data-e-type=\"widget\" data-settings=\"{&quot;_animation&quot;:&quot;fadeIn&quot;,&quot;_animation_delay&quot;:600}\" data-widget_type=\"image.default\">\n\t\t\t\t<div class=\"elementor-widget-container\">\n\t\t\t\t\t\t\t\t\t\t\t\t\t\t\t\t<a href=\"https:\/\/salviatino.com\/wp-content\/uploads\/2025\/06\/pool-bar-il-salviatino-florence-drinks.webp\" data-elementor-open-lightbox=\"yes\" data-e-action-hash=\"#elementor-action%3Aaction%3Dlightbox%26settings%3DeyJpZCI6OTY0NiwidXJsIjoiaHR0cHM6XC9cL3NhbHZpYXRpbm8uY29tXC93cC1jb250ZW50XC91cGxvYWRzXC8yMDI1XC8wNlwvcG9vbC1iYXItaWwtc2FsdmlhdGluby1mbG9yZW5jZS1kcmlua3Mud2VicCJ9\">\n\t\t\t\t\t\t\t<img decoding=\"async\" width=\"1920\" height=\"1280\" src=\"https:\/\/salviatino.com\/wp-content\/uploads\/2025\/06\/pool-bar-il-salviatino-florence-drinks.webp\" class=\"attachment-full size-full wp-image-9646\" alt=\"\" srcset=\"https:\/\/salviatino.com\/wp-content\/uploads\/2025\/06\/pool-bar-il-salviatino-florence-drinks.webp 1920w, https:\/\/salviatino.com\/wp-content\/uploads\/2025\/06\/pool-bar-il-salviatino-florence-drinks-300x200.webp 300w, https:\/\/salviatino.com\/wp-content\/uploads\/2025\/06\/pool-bar-il-salviatino-florence-drinks-1024x683.webp 1024w, https:\/\/salviatino.com\/wp-content\/uploads\/2025\/06\/pool-bar-il-salviatino-florence-drinks-768x512.webp 768w, https:\/\/salviatino.com\/wp-content\/uploads\/2025\/06\/pool-bar-il-salviatino-florence-drinks-1536x1024.webp 1536w\" sizes=\"(max-width: 1920px) 100vw, 1920px\" \/>\t\t\t\t\t\t\t\t<\/a>\n\t\t\t\t\t\t\t\t\t\t\t\t\t\t\t<\/div>\n\t\t\t\t<\/div>\n\t\t\t\t<\/div>\n\t\t\t\t<\/div>\n\t\t<div class=\"elementor-element elementor-element-c534e8c e-con-full e-flex e-con e-parent\" data-id=\"c534e8c\" data-element_type=\"container\" data-e-type=\"container\">\n\t\t\t\t<div class=\"elementor-element elementor-element-04307cf animated-slow elementor-widget-divider--view-line elementor-invisible elementor-widget elementor-widget-divider\" data-id=\"04307cf\" data-element_type=\"widget\" data-e-type=\"widget\" data-settings=\"{&quot;_animation&quot;:&quot;fadeInLeft&quot;,&quot;_animation_delay&quot;:800,&quot;_animation_mobile&quot;:&quot;zoomIn&quot;}\" data-widget_type=\"divider.default\">\n\t\t\t\t<div class=\"elementor-widget-container\">\n\t\t\t\t\t\t\t<div class=\"elementor-divider\">\n\t\t\t<span class=\"elementor-divider-separator\">\n\t\t\t\t\t\t<\/span>\n\t\t<\/div>\n\t\t\t\t\t\t<\/div>\n\t\t\t\t<\/div>\n\t\t\t\t<\/div>\n\t\t<div class=\"elementor-element elementor-element-d4e237f e-flex e-con-boxed e-con e-parent\" data-id=\"d4e237f\" data-element_type=\"container\" data-e-type=\"container\">\n\t\t\t\t\t<div class=\"e-con-inner\">\n\t\t<div class=\"elementor-element elementor-element-328832b e-con-full e-flex e-con e-child\" data-id=\"328832b\" data-element_type=\"container\" data-e-type=\"container\">\n\t\t\t\t<\/div>\n\t\t<div class=\"elementor-element elementor-element-905f04e e-con-full e-flex e-con e-child\" data-id=\"905f04e\" data-element_type=\"container\" data-e-type=\"container\">\n\t\t\t\t<div class=\"elementor-element elementor-element-92dabb3 elementor-widget elementor-widget-heading\" data-id=\"92dabb3\" data-element_type=\"widget\" data-e-type=\"widget\" data-widget_type=\"heading.default\">\n\t\t\t\t<div class=\"elementor-widget-container\">\n\t\t\t\t\t<h3 class=\"elementor-heading-title elementor-size-default\">Un\u2019atmosfera d\u2019arte<\/h3>\t\t\t\t<\/div>\n\t\t\t\t<\/div>\n\t\t\t\t<div class=\"elementor-element elementor-element-66ca438 elementor-widget elementor-widget-text-editor\" data-id=\"66ca438\" data-element_type=\"widget\" data-e-type=\"widget\" data-widget_type=\"text-editor.default\">\n\t\t\t\t<div class=\"elementor-widget-container\">\n\t\t\t\t\t\t\t\t\tA rendere ancora pi\u00f9 suggestiva l\u2019area della piscina \u00e8 l\u2019opera di Michelangelo Pistoletto, \u201cTerzo Paradiso\u201d, installazione di land art che celebra l\u2019armonia tra natura e tecnologia. Un invito alla contemplazione che arricchisce l\u2019esperienza estetica del luogo. \t\t\t\t\t\t\t\t<\/div>\n\t\t\t\t<\/div>\n\t\t\t\t<\/div>\n\t\t<div class=\"elementor-element elementor-element-3bc9ef9 e-con-full e-flex e-con e-child\" data-id=\"3bc9ef9\" data-element_type=\"container\" data-e-type=\"container\">\n\t\t\t\t<div class=\"elementor-element elementor-element-f4503bb elementor-widget elementor-widget-heading\" data-id=\"f4503bb\" data-element_type=\"widget\" data-e-type=\"widget\" data-widget_type=\"heading.default\">\n\t\t\t\t<div class=\"elementor-widget-container\">\n\t\t\t\t\t<h4 class=\"elementor-heading-title elementor-size-default\">Apertura stagionale<\/h4>\t\t\t\t<\/div>\n\t\t\t\t<\/div>\n\t\t\t\t<div class=\"elementor-element elementor-element-c1c72f3 elementor-widget elementor-widget-text-editor\" data-id=\"c1c72f3\" data-element_type=\"widget\" data-e-type=\"widget\" data-widget_type=\"text-editor.default\">\n\t\t\t\t<div class=\"elementor-widget-container\">\n\t\t\t\t\t\t\t\t\t<p>Si ricorda che il Pool Bar \u00e8 aperto stagionalmente, indicativamente da aprile a settembre, offrendo uno scenario ideale per rilassarsi e rigenerarsi durante i mesi pi\u00f9 caldi.<\/p>\t\t\t\t\t\t\t\t<\/div>\n\t\t\t\t<\/div>\n\t\t\t\t<div class=\"elementor-element elementor-element-f6d508c elementor-align-left elementor-invisible elementor-widget elementor-widget-button\" data-id=\"f6d508c\" data-element_type=\"widget\" data-e-type=\"widget\" data-settings=\"{&quot;_animation&quot;:&quot;fadeInDown&quot;,&quot;_animation_delay&quot;:500}\" data-widget_type=\"button.default\">\n\t\t\t\t<div class=\"elementor-widget-container\">\n\t\t\t\t\t\t\t\t\t<div class=\"elementor-button-wrapper\">\n\t\t\t\t\t<a class=\"elementor-button elementor-button-link elementor-size-sm elementor-animation-float\" href=\"https:\/\/salviatino.com\/wp-content\/uploads\/2025\/06\/il-salviatino-pool-menu-2025.pdf\" target=\"_blank\">\n\t\t\t\t\t\t<span class=\"elementor-button-content-wrapper\">\n\t\t\t\t\t\t\t\t\t<span class=\"elementor-button-text\">Download menu<\/span>\n\t\t\t\t\t<\/span>\n\t\t\t\t\t<\/a>\n\t\t\t\t<\/div>\n\t\t\t\t\t\t\t\t<\/div>\n\t\t\t\t<\/div>\n\t\t\t\t<\/div>\n\t\t\t\t\t<\/div>\n\t\t\t\t<\/div>\n\t\t\t\t<\/div>\n\t\t","protected":false},"excerpt":{"rendered":"<p>Pool Bar Un\u2019oasi di freschezza tra arte e natura Accanto alla piscina esterna riscaldata della villa, il Pool Bar di Il Salviatino \u00e8 un rifugio di relax immerso nel verde rigoglioso. Gli ospiti possono concedersi una pausa rigenerante ammirando la vegetazione e l\u2019orto aromatico della villa, per un\u2019esperienza che coinvolge tutti i sensi. Delizie gastronomiche [&hellip;]<\/p>\n","protected":false},"author":1,"featured_media":0,"parent":9971,"menu_order":0,"comment_status":"closed","ping_status":"closed","template":"","meta":{"_acf_changed":false,"footnotes":""},"class_list":["post-9977","page","type-page","status-publish","hentry"],"acf":[],"_links":{"self":[{"href":"https:\/\/salviatino.com\/it\/wp-json\/wp\/v2\/pages\/9977","targetHints":{"allow":["GET"]}}],"collection":[{"href":"https:\/\/salviatino.com\/it\/wp-json\/wp\/v2\/pages"}],"about":[{"href":"https:\/\/salviatino.com\/it\/wp-json\/wp\/v2\/types\/page"}],"author":[{"embeddable":true,"href":"https:\/\/salviatino.com\/it\/wp-json\/wp\/v2\/users\/1"}],"replies":[{"embeddable":true,"href":"https:\/\/salviatino.com\/it\/wp-json\/wp\/v2\/comments?post=9977"}],"version-history":[{"count":5,"href":"https:\/\/salviatino.com\/it\/wp-json\/wp\/v2\/pages\/9977\/revisions"}],"predecessor-version":[{"id":10172,"href":"https:\/\/salviatino.com\/it\/wp-json\/wp\/v2\/pages\/9977\/revisions\/10172"}],"up":[{"embeddable":true,"href":"https:\/\/salviatino.com\/it\/wp-json\/wp\/v2\/pages\/9971"}],"wp:attachment":[{"href":"https:\/\/salviatino.com\/it\/wp-json\/wp\/v2\/media?parent=9977"}],"curies":[{"name":"wp","href":"https:\/\/api.w.org\/{rel}","templated":true}]}}