{"id":9993,"date":"2025-06-06T10:56:40","date_gmt":"2025-06-06T08:56:40","guid":{"rendered":"https:\/\/salviatino.com\/wellbeing-2\/ritiri\/"},"modified":"2025-07-09T13:40:12","modified_gmt":"2025-07-09T11:40:12","slug":"ritiri","status":"publish","type":"page","link":"https:\/\/salviatino.com\/it\/benessere\/ritiri\/","title":{"rendered":"Ritiri"},"content":{"rendered":"\t\t<div data-elementor-type=\"wp-page\" data-elementor-id=\"9993\" class=\"elementor elementor-9993 elementor-8388\" data-elementor-post-type=\"page\">\n\t\t\t\t<div class=\"elementor-element elementor-element-e44131e e-con-full e-flex e-con e-parent\" data-id=\"e44131e\" data-element_type=\"container\" data-e-type=\"container\">\n\t\t<div class=\"elementor-element elementor-element-37436de e-con-full e-flex e-con e-child\" data-id=\"37436de\" data-element_type=\"container\" data-e-type=\"container\" data-settings=\"{&quot;background_background&quot;:&quot;classic&quot;,&quot;background_motion_fx_motion_fx_scrolling&quot;:&quot;yes&quot;,&quot;background_motion_fx_translateY_effect&quot;:&quot;yes&quot;,&quot;background_motion_fx_translateY_speed&quot;:{&quot;unit&quot;:&quot;px&quot;,&quot;size&quot;:1,&quot;sizes&quot;:[]},&quot;background_motion_fx_opacity_effect&quot;:&quot;yes&quot;,&quot;background_motion_fx_opacity_direction&quot;:&quot;out-in-out&quot;,&quot;background_motion_fx_devices&quot;:[&quot;desktop&quot;],&quot;background_motion_fx_translateY_affectedRange&quot;:{&quot;unit&quot;:&quot;%&quot;,&quot;size&quot;:&quot;&quot;,&quot;sizes&quot;:{&quot;start&quot;:0,&quot;end&quot;:100}},&quot;background_motion_fx_opacity_level&quot;:{&quot;unit&quot;:&quot;px&quot;,&quot;size&quot;:10,&quot;sizes&quot;:[]},&quot;background_motion_fx_opacity_range&quot;:{&quot;unit&quot;:&quot;%&quot;,&quot;size&quot;:&quot;&quot;,&quot;sizes&quot;:{&quot;start&quot;:20,&quot;end&quot;:80}}}\">\n\t\t<div class=\"elementor-element elementor-element-1dc82d9 e-con-full e-transform e-flex e-con e-child\" data-id=\"1dc82d9\" data-element_type=\"container\" data-e-type=\"container\" data-settings=\"{&quot;_transform_translateX_effect&quot;:{&quot;unit&quot;:&quot;px&quot;,&quot;size&quot;:&quot;&quot;,&quot;sizes&quot;:[]},&quot;_transform_translateX_effect_tablet&quot;:{&quot;unit&quot;:&quot;px&quot;,&quot;size&quot;:&quot;&quot;,&quot;sizes&quot;:[]},&quot;_transform_translateX_effect_mobile&quot;:{&quot;unit&quot;:&quot;px&quot;,&quot;size&quot;:&quot;&quot;,&quot;sizes&quot;:[]},&quot;_transform_translateY_effect&quot;:{&quot;unit&quot;:&quot;px&quot;,&quot;size&quot;:&quot;&quot;,&quot;sizes&quot;:[]},&quot;_transform_translateY_effect_tablet&quot;:{&quot;unit&quot;:&quot;px&quot;,&quot;size&quot;:&quot;&quot;,&quot;sizes&quot;:[]},&quot;_transform_translateY_effect_mobile&quot;:{&quot;unit&quot;:&quot;px&quot;,&quot;size&quot;:&quot;&quot;,&quot;sizes&quot;:[]}}\">\n\t\t\t\t<div class=\"elementor-element elementor-element-1cbe966 animated-slow elementor-widget-mobile__width-initial elementor-invisible elementor-widget elementor-widget-heading\" data-id=\"1cbe966\" data-element_type=\"widget\" data-e-type=\"widget\" data-settings=\"{&quot;_animation&quot;:&quot;fadeIn&quot;,&quot;motion_fx_translateY_affectedRange&quot;:{&quot;unit&quot;:&quot;%&quot;,&quot;size&quot;:&quot;&quot;,&quot;sizes&quot;:{&quot;start&quot;:50,&quot;end&quot;:100}},&quot;motion_fx_range&quot;:&quot;viewport&quot;,&quot;_animation_delay&quot;:500,&quot;motion_fx_motion_fx_scrolling&quot;:&quot;yes&quot;,&quot;motion_fx_translateY_effect&quot;:&quot;yes&quot;,&quot;motion_fx_translateY_speed&quot;:{&quot;unit&quot;:&quot;px&quot;,&quot;size&quot;:1,&quot;sizes&quot;:[]},&quot;motion_fx_devices&quot;:[&quot;desktop&quot;]}\" data-widget_type=\"heading.default\">\n\t\t\t\t<div class=\"elementor-widget-container\">\n\t\t\t\t\t<h1 class=\"elementor-heading-title elementor-size-default\">Ritiri<\/h1>\t\t\t\t<\/div>\n\t\t\t\t<\/div>\n\t\t\t\t<\/div>\n\t\t\t\t<\/div>\n\t\t\t\t<\/div>\n\t\t<div class=\"elementor-element elementor-element-0397f99 e-flex e-con-boxed e-con e-parent\" data-id=\"0397f99\" data-element_type=\"container\" data-e-type=\"container\" data-settings=\"{&quot;background_background&quot;:&quot;classic&quot;}\">\n\t\t\t\t\t<div class=\"e-con-inner\">\n\t\t<div class=\"elementor-element elementor-element-4b96dd3 e-con-full e-flex e-con e-child\" data-id=\"4b96dd3\" data-element_type=\"container\" data-e-type=\"container\">\n\t\t\t\t<div class=\"elementor-element elementor-element-3d4ff0e elementor-widget__width-initial elementor-widget elementor-widget-heading\" data-id=\"3d4ff0e\" data-element_type=\"widget\" data-e-type=\"widget\" data-widget_type=\"heading.default\">\n\t\t\t\t<div class=\"elementor-widget-container\">\n\t\t\t\t\t<h2 class=\"elementor-heading-title elementor-size-default\">Ritiri benessere su misura<\/h2>\t\t\t\t<\/div>\n\t\t\t\t<\/div>\n\t\t\t\t<div class=\"elementor-element elementor-element-877c525 elementor-widget elementor-widget-heading\" data-id=\"877c525\" data-element_type=\"widget\" data-e-type=\"widget\" data-widget_type=\"heading.default\">\n\t\t\t\t<div class=\"elementor-widget-container\">\n\t\t\t\t\t<h4 class=\"elementor-heading-title elementor-size-default\">da 3 notti \/ 4 giorni<\/h4>\t\t\t\t<\/div>\n\t\t\t\t<\/div>\n\t\t\t\t<div class=\"elementor-element elementor-element-6e5fdda elementor-widget elementor-widget-text-editor\" data-id=\"6e5fdda\" data-element_type=\"widget\" data-e-type=\"widget\" data-widget_type=\"text-editor.default\">\n\t\t\t\t<div class=\"elementor-widget-container\">\n\t\t\t\t\t\t\t\t\tA Il Salviatino il benessere \u00e8 un\u2019arte di vivere, rigenerativa, radicata, olistica. Cos\u00ec come la villa \u00e8 stata restaurata con cura e amore, cos\u00ec ci prendiamo cura con un approccio integrato che onora ogni aspetto del essere: mente, corpo, spirito. Ogni esperienza \u00e8 creata su misura e guidata personalmente dalla nostra curatrice del benessere. Un invito a ritirarsi nella natura, a ritrovare i suoi ritmi e, attraverso di essa, a tornare a s\u00e9 stessi.   \t\t\t\t\t\t\t\t<\/div>\n\t\t\t\t<\/div>\n\t\t\t\t<\/div>\n\t\t<div class=\"elementor-element elementor-element-fbb3f10 e-con-full e-flex e-con e-child\" data-id=\"fbb3f10\" data-element_type=\"container\" data-e-type=\"container\">\n\t\t\t\t<div class=\"elementor-element elementor-element-a75028f elementor-widget__width-initial elementor-widget elementor-widget-heading\" data-id=\"a75028f\" data-element_type=\"widget\" data-e-type=\"widget\" data-widget_type=\"heading.default\">\n\t\t\t\t<div class=\"elementor-widget-container\">\n\t\t\t\t\t<h3 class=\"elementor-heading-title elementor-size-default\">Cosa include<\/h3>\t\t\t\t<\/div>\n\t\t\t\t<\/div>\n\t\t\t\t<div class=\"elementor-element elementor-element-b348561 elementor-widget elementor-widget-text-editor\" data-id=\"b348561\" data-element_type=\"widget\" data-e-type=\"widget\" data-widget_type=\"text-editor.default\">\n\t\t\t\t<div class=\"elementor-widget-container\">\n\t\t\t\t\t\t\t\t\t<p><strong>Consulenza pre-arrivo<\/strong><br>sessione online privata con la nostra wellbeing curator per plasmare il percorso personalizzato prima dell\u2019arrivo.<br><strong>4\u20135 ore di terapie curate al giorno<\/strong><br>tra trattamenti manuali, yoga, movimento consapevole, terapie naturali e coaching, il programma quotidiano evolve con le tue esigenze.<br><strong>Follow-up post soggiorno<\/strong><br>sessione con il nostro wellness coach per accompagnare il proseguimento del tuo percorso.<\/p>\t\t\t\t\t\t\t\t<\/div>\n\t\t\t\t<\/div>\n\t\t\t\t<\/div>\n\t\t<div class=\"elementor-element elementor-element-fd821f6 e-con-full e-flex e-con e-child\" data-id=\"fd821f6\" data-element_type=\"container\" data-e-type=\"container\">\n\t\t<div class=\"elementor-element elementor-element-516772e e-con-full e-flex e-con e-child\" data-id=\"516772e\" data-element_type=\"container\" data-e-type=\"container\">\n\t\t\t\t<div class=\"elementor-element elementor-element-7ca2c43 elementor-widget__width-initial elementor-widget elementor-widget-heading\" data-id=\"7ca2c43\" data-element_type=\"widget\" data-e-type=\"widget\" data-widget_type=\"heading.default\">\n\t\t\t\t<div class=\"elementor-widget-container\">\n\t\t\t\t\t<h3 class=\"elementor-heading-title elementor-size-default\">Tariffe<\/h3>\t\t\t\t<\/div>\n\t\t\t\t<\/div>\n\t\t\t\t<div class=\"elementor-element elementor-element-44b41a6 elementor-widget elementor-widget-text-editor\" data-id=\"44b41a6\" data-element_type=\"widget\" data-e-type=\"widget\" data-widget_type=\"text-editor.default\">\n\t\t\t\t<div class=\"elementor-widget-container\">\n\t\t\t\t\t\t\t\t\t<p>Percorsi su misura a partire <strong>da \u20ac 4.200<\/strong>, in camera uso singola per tre notti, inclusi soggiorno, colazione giornaliera e tutte le terapie e sessioni. <\/p>\t\t\t\t\t\t\t\t<\/div>\n\t\t\t\t<\/div>\n\t\t\t\t<div class=\"elementor-element elementor-element-a9f0090 elementor-align-left animated-fast elementor-invisible elementor-widget elementor-widget-button\" data-id=\"a9f0090\" data-element_type=\"widget\" data-e-type=\"widget\" data-settings=\"{&quot;_animation&quot;:&quot;fadeInDown&quot;,&quot;_animation_delay&quot;:500,&quot;_animation_mobile&quot;:&quot;fadeInDown&quot;}\" data-widget_type=\"button.default\">\n\t\t\t\t<div class=\"elementor-widget-container\">\n\t\t\t\t\t\t\t\t\t<div class=\"elementor-button-wrapper\">\n\t\t\t\t\t<a class=\"elementor-button elementor-button-link elementor-size-sm elementor-animation-float\" href=\"#elementor-action%3Aaction%3Dpopup%3Aopen%26settings%3DeyJpZCI6OTg4NiwidG9nZ2xlIjpmYWxzZX0%3D\">\n\t\t\t\t\t\t<span class=\"elementor-button-content-wrapper\">\n\t\t\t\t\t\t\t\t\t<span class=\"elementor-button-text\">Prenota<\/span>\n\t\t\t\t\t<\/span>\n\t\t\t\t\t<\/a>\n\t\t\t\t<\/div>\n\t\t\t\t\t\t\t\t<\/div>\n\t\t\t\t<\/div>\n\t\t\t\t<\/div>\n\t\t\t\t<\/div>\n\t\t\t\t\t<\/div>\n\t\t\t\t<\/div>\n\t\t<div class=\"elementor-element elementor-element-11ecc29 e-con-full e-flex e-con e-parent\" data-id=\"11ecc29\" data-element_type=\"container\" data-e-type=\"container\">\n\t\t<div class=\"elementor-element elementor-element-262ecdf e-con-full e-flex e-con e-child\" data-id=\"262ecdf\" data-element_type=\"container\" data-e-type=\"container\">\n\t\t\t\t<div class=\"elementor-element elementor-element-ea7513b animated-slow elementor-invisible elementor-widget elementor-widget-image\" data-id=\"ea7513b\" data-element_type=\"widget\" data-e-type=\"widget\" data-settings=\"{&quot;_animation&quot;:&quot;fadeIn&quot;,&quot;_animation_delay&quot;:500}\" data-widget_type=\"image.default\">\n\t\t\t\t<div class=\"elementor-widget-container\">\n\t\t\t\t\t\t\t\t\t\t\t\t\t\t\t<img fetchpriority=\"high\" decoding=\"async\" width=\"853\" height=\"1280\" src=\"https:\/\/salviatino.com\/wp-content\/uploads\/2025\/06\/il-salviatino-aquae-vitali-spa-sofa.webp\" class=\"attachment-full size-full wp-image-9653\" alt=\"\" srcset=\"https:\/\/salviatino.com\/wp-content\/uploads\/2025\/06\/il-salviatino-aquae-vitali-spa-sofa.webp 853w, https:\/\/salviatino.com\/wp-content\/uploads\/2025\/06\/il-salviatino-aquae-vitali-spa-sofa-200x300.webp 200w, https:\/\/salviatino.com\/wp-content\/uploads\/2025\/06\/il-salviatino-aquae-vitali-spa-sofa-682x1024.webp 682w, https:\/\/salviatino.com\/wp-content\/uploads\/2025\/06\/il-salviatino-aquae-vitali-spa-sofa-768x1152.webp 768w\" sizes=\"(max-width: 853px) 100vw, 853px\" \/>\t\t\t\t\t\t\t\t\t\t\t\t\t\t\t<\/div>\n\t\t\t\t<\/div>\n\t\t\t\t<div class=\"elementor-element elementor-element-69948ea animated-fast elementor-invisible elementor-widget elementor-widget-image\" data-id=\"69948ea\" data-element_type=\"widget\" data-e-type=\"widget\" data-settings=\"{&quot;_animation&quot;:&quot;fadeIn&quot;,&quot;_animation_delay&quot;:600}\" data-widget_type=\"image.default\">\n\t\t\t\t<div class=\"elementor-widget-container\">\n\t\t\t\t\t\t\t\t\t\t\t\t\t\t\t\t<a href=\"https:\/\/salviatino.com\/wp-content\/uploads\/2025\/05\/il-salviatino-pool-and-fitness.webp\" data-elementor-open-lightbox=\"yes\" data-e-action-hash=\"#elementor-action%3Aaction%3Dlightbox%26settings%3DeyJpZCI6OTYwNSwidXJsIjoiaHR0cHM6XC9cL3NhbHZpYXRpbm8uY29tXC93cC1jb250ZW50XC91cGxvYWRzXC8yMDI1XC8wNVwvaWwtc2FsdmlhdGluby1wb29sLWFuZC1maXRuZXNzLndlYnAifQ%3D%3D\">\n\t\t\t\t\t\t\t<img decoding=\"async\" width=\"1920\" height=\"1280\" src=\"https:\/\/salviatino.com\/wp-content\/uploads\/2025\/05\/il-salviatino-pool-and-fitness.webp\" class=\"attachment-full size-full wp-image-9605\" alt=\"\" srcset=\"https:\/\/salviatino.com\/wp-content\/uploads\/2025\/05\/il-salviatino-pool-and-fitness.webp 1920w, https:\/\/salviatino.com\/wp-content\/uploads\/2025\/05\/il-salviatino-pool-and-fitness-300x200.webp 300w, https:\/\/salviatino.com\/wp-content\/uploads\/2025\/05\/il-salviatino-pool-and-fitness-1024x683.webp 1024w, https:\/\/salviatino.com\/wp-content\/uploads\/2025\/05\/il-salviatino-pool-and-fitness-768x512.webp 768w, https:\/\/salviatino.com\/wp-content\/uploads\/2025\/05\/il-salviatino-pool-and-fitness-1536x1024.webp 1536w\" sizes=\"(max-width: 1920px) 100vw, 1920px\" \/>\t\t\t\t\t\t\t\t<\/a>\n\t\t\t\t\t\t\t\t\t\t\t\t\t\t\t<\/div>\n\t\t\t\t<\/div>\n\t\t\t\t<\/div>\n\t\t\t\t<\/div>\n\t\t<div class=\"elementor-element elementor-element-6f417be e-con-full e-flex e-con e-parent\" data-id=\"6f417be\" data-element_type=\"container\" data-e-type=\"container\">\n\t\t\t\t<div class=\"elementor-element elementor-element-c5e9d20 animated-slow elementor-widget-divider--view-line elementor-invisible elementor-widget elementor-widget-divider\" data-id=\"c5e9d20\" data-element_type=\"widget\" data-e-type=\"widget\" data-settings=\"{&quot;_animation&quot;:&quot;fadeInLeft&quot;,&quot;_animation_delay&quot;:800,&quot;_animation_mobile&quot;:&quot;zoomIn&quot;}\" data-widget_type=\"divider.default\">\n\t\t\t\t<div class=\"elementor-widget-container\">\n\t\t\t\t\t\t\t<div class=\"elementor-divider\">\n\t\t\t<span class=\"elementor-divider-separator\">\n\t\t\t\t\t\t<\/span>\n\t\t<\/div>\n\t\t\t\t\t\t<\/div>\n\t\t\t\t<\/div>\n\t\t\t\t<\/div>\n\t\t<div class=\"elementor-element elementor-element-0230147 e-flex e-con-boxed e-con e-parent\" data-id=\"0230147\" data-element_type=\"container\" data-e-type=\"container\">\n\t\t\t\t\t<div class=\"e-con-inner\">\n\t\t<div class=\"elementor-element elementor-element-71e4843 e-con-full e-flex e-con e-child\" data-id=\"71e4843\" data-element_type=\"container\" data-e-type=\"container\">\n\t\t\t\t<\/div>\n\t\t<div class=\"elementor-element elementor-element-3216288 e-con-full e-flex e-con e-child\" data-id=\"3216288\" data-element_type=\"container\" data-e-type=\"container\">\n\t\t\t\t<div class=\"elementor-element elementor-element-522011f elementor-widget-tablet__width-initial elementor-widget elementor-widget-heading\" data-id=\"522011f\" data-element_type=\"widget\" data-e-type=\"widget\" data-widget_type=\"heading.default\">\n\t\t\t\t<div class=\"elementor-widget-container\">\n\t\t\t\t\t<h3 class=\"elementor-heading-title elementor-size-default\">Percorsi individuali su misura<\/h3>\t\t\t\t<\/div>\n\t\t\t\t<\/div>\n\t\t\t\t<div class=\"elementor-element elementor-element-9f8233b elementor-widget elementor-widget-text-editor\" data-id=\"9f8233b\" data-element_type=\"widget\" data-e-type=\"widget\" data-widget_type=\"text-editor.default\">\n\t\t\t\t<div class=\"elementor-widget-container\">\n\t\t\t\t\t\t\t\t\tPer un viaggio intimo e profondo, la nostra wellbeing curator disegner\u00e0 un retreat unico, modellato sul tuo stato attuale e sul cambiamento desiderato. Un cammino pensato per evolvere giorno dopo giorno, plasmato dagli incontri con terapeuti e maestri che, con sensibilit\u00e0 e ascolto, ti accompagneranno nel processo.    \t\t\t\t\t\t\t\t<\/div>\n\t\t\t\t<\/div>\n\t\t\t\t<div class=\"elementor-element elementor-element-d9a23bc elementor-widget-tablet__width-initial elementor-widget elementor-widget-heading\" data-id=\"d9a23bc\" data-element_type=\"widget\" data-e-type=\"widget\" data-widget_type=\"heading.default\">\n\t\t\t\t<div class=\"elementor-widget-container\">\n\t\t\t\t\t<h3 class=\"elementor-heading-title elementor-size-default\">Un ritiro dalle molte dimensioni<\/h3>\t\t\t\t<\/div>\n\t\t\t\t<\/div>\n\t\t\t\t<div class=\"elementor-element elementor-element-6064642 elementor-widget__width-initial elementor-widget elementor-widget-text-editor\" data-id=\"6064642\" data-element_type=\"widget\" data-e-type=\"widget\" data-widget_type=\"text-editor.default\">\n\t\t\t\t<div class=\"elementor-widget-container\">\n\t\t\t\t\t\t\t\t\tImmerso nella natura eppure a pochi passi dal cuore culturale di Firenze, ogni retreat a Il Salviatino non \u00e8 solo un rinnovamento fisico, ma un\u2019apertura all\u2019ispirazione artistica, alla bellezza storica, a un senso di connessione pi\u00f9 profondo: con il mondo, con gli altri, prima di tutto con s\u00e9 stessi. \t\t\t\t\t\t\t\t<\/div>\n\t\t\t\t<\/div>\n\t\t\t\t<\/div>\n\t\t<div class=\"elementor-element elementor-element-3a9e9dd e-con-full e-flex e-con e-child\" data-id=\"3a9e9dd\" data-element_type=\"container\" data-e-type=\"container\">\n\t\t\t\t<div class=\"elementor-element elementor-element-a3a7df2 elementor-widget-tablet__width-initial elementor-widget elementor-widget-heading\" data-id=\"a3a7df2\" data-element_type=\"widget\" data-e-type=\"widget\" data-widget_type=\"heading.default\">\n\t\t\t\t<div class=\"elementor-widget-container\">\n\t\t\t\t\t<h3 class=\"elementor-heading-title elementor-size-default\">Ricalibrati con noi<\/h3>\t\t\t\t<\/div>\n\t\t\t\t<\/div>\n\t\t\t\t<div class=\"elementor-element elementor-element-ac45a60 elementor-widget elementor-widget-text-editor\" data-id=\"ac45a60\" data-element_type=\"widget\" data-e-type=\"widget\" data-widget_type=\"text-editor.default\">\n\t\t\t\t<div class=\"elementor-widget-container\">\n\t\t\t\t\t\t\t\t\tIl tuo percorso inizia gi\u00e0 prima dell\u2019arrivo, con una consulenza personale che ci permette di conoscere il tuo stato di corpo e mente, per preparare un\u2019esperienza su misura. Da qui nasce un itinerario flessibile e personalizzato, solitamente di tre notti e quattro giorni, ma disponibile anche per soggiorni pi\u00f9 lunghi. Ogni giornata comprende un ricco susseguirsi di terapie, trattamenti, pratiche di risveglio e rilascio. Un invito a lasciarsi guidare con fiducia, permettendo ad ogni esperienza di condurti sempre pi\u00f9 vicino al tuo centro.    \t\t\t\t\t\t\t\t<\/div>\n\t\t\t\t<\/div>\n\t\t\t\t<div class=\"elementor-element elementor-element-d33ef24 elementor-widget-tablet__width-initial elementor-widget elementor-widget-heading\" data-id=\"d33ef24\" data-element_type=\"widget\" data-e-type=\"widget\" data-widget_type=\"heading.default\">\n\t\t\t\t<div class=\"elementor-widget-container\">\n\t\t\t\t\t<h3 class=\"elementor-heading-title elementor-size-default\">Percorsi estesi<\/h3>\t\t\t\t<\/div>\n\t\t\t\t<\/div>\n\t\t\t\t<div class=\"elementor-element elementor-element-35eff46 elementor-widget elementor-widget-text-editor\" data-id=\"35eff46\" data-element_type=\"widget\" data-e-type=\"widget\" data-widget_type=\"text-editor.default\">\n\t\t\t\t<div class=\"elementor-widget-container\">\n\t\t\t\t\t\t\t\t\tPer retreat pi\u00f9 lunghi, la nostra curatrice del benessere disegner\u00e0 un percorso armonico e personale, modellato sulle tue esigenze e i tuoi tempi. Contattaci per conoscere il tuo viaggio trasformativo. \t\t\t\t\t\t\t\t<\/div>\n\t\t\t\t<\/div>\n\t\t\t\t<div class=\"elementor-element elementor-element-c75e46d elementor-align-left animated-fast elementor-invisible elementor-widget elementor-widget-button\" data-id=\"c75e46d\" data-element_type=\"widget\" data-e-type=\"widget\" data-settings=\"{&quot;_animation&quot;:&quot;fadeInDown&quot;,&quot;_animation_delay&quot;:500,&quot;_animation_mobile&quot;:&quot;fadeInDown&quot;}\" data-widget_type=\"button.default\">\n\t\t\t\t<div class=\"elementor-widget-container\">\n\t\t\t\t\t\t\t\t\t<div class=\"elementor-button-wrapper\">\n\t\t\t\t\t<a class=\"elementor-button elementor-button-link elementor-size-sm elementor-animation-float\" href=\"#elementor-action%3Aaction%3Dpopup%3Aopen%26settings%3DeyJpZCI6OTg4NiwidG9nZ2xlIjpmYWxzZX0%3D\">\n\t\t\t\t\t\t<span class=\"elementor-button-content-wrapper\">\n\t\t\t\t\t\t\t\t\t<span class=\"elementor-button-text\">Prenota<\/span>\n\t\t\t\t\t<\/span>\n\t\t\t\t\t<\/a>\n\t\t\t\t<\/div>\n\t\t\t\t\t\t\t\t<\/div>\n\t\t\t\t<\/div>\n\t\t\t\t<\/div>\n\t\t\t\t\t<\/div>\n\t\t\t\t<\/div>\n\t\t\t\t<\/div>\n\t\t","protected":false},"excerpt":{"rendered":"<p>Ritiri Ritiri benessere su misura da 3 notti \/ 4 giorni A Il Salviatino il benessere \u00e8 un\u2019arte di vivere, rigenerativa, radicata, olistica. Cos\u00ec come la villa \u00e8 stata restaurata con cura e amore, cos\u00ec ci prendiamo cura con un approccio integrato che onora ogni aspetto del essere: mente, corpo, spirito. Ogni esperienza \u00e8 creata [&hellip;]<\/p>\n","protected":false},"author":1,"featured_media":0,"parent":9981,"menu_order":0,"comment_status":"closed","ping_status":"closed","template":"","meta":{"_acf_changed":false,"footnotes":""},"class_list":["post-9993","page","type-page","status-publish","hentry"],"acf":[],"_links":{"self":[{"href":"https:\/\/salviatino.com\/it\/wp-json\/wp\/v2\/pages\/9993","targetHints":{"allow":["GET"]}}],"collection":[{"href":"https:\/\/salviatino.com\/it\/wp-json\/wp\/v2\/pages"}],"about":[{"href":"https:\/\/salviatino.com\/it\/wp-json\/wp\/v2\/types\/page"}],"author":[{"embeddable":true,"href":"https:\/\/salviatino.com\/it\/wp-json\/wp\/v2\/users\/1"}],"replies":[{"embeddable":true,"href":"https:\/\/salviatino.com\/it\/wp-json\/wp\/v2\/comments?post=9993"}],"version-history":[{"count":1,"href":"https:\/\/salviatino.com\/it\/wp-json\/wp\/v2\/pages\/9993\/revisions"}],"predecessor-version":[{"id":9994,"href":"https:\/\/salviatino.com\/it\/wp-json\/wp\/v2\/pages\/9993\/revisions\/9994"}],"up":[{"embeddable":true,"href":"https:\/\/salviatino.com\/it\/wp-json\/wp\/v2\/pages\/9981"}],"wp:attachment":[{"href":"https:\/\/salviatino.com\/it\/wp-json\/wp\/v2\/media?parent=9993"}],"curies":[{"name":"wp","href":"https:\/\/api.w.org\/{rel}","templated":true}]}}